{"id":3411545,"date":"2025-10-09T22:44:53","date_gmt":"2025-10-10T02:44:53","guid":{"rendered":"https:\/\/stoic-curie.212-227-153-4.plesk.page\/product\/star-brite-460-ml-vinylreinigungsshampoo\/"},"modified":"2026-02-24T23:34:54","modified_gmt":"2026-02-24T23:34:54","slug":"star-brite-460-ml-vinylreinigungsshampoo","status":"publish","type":"product","link":"https:\/\/stoic-curie.212-227-153-4.plesk.page\/de\/product\/star-brite-460-ml-vinylreinigungsshampoo\/","title":{"rendered":"Star Brite 460 ml Vinylreinigungsshampoo"},"content":{"rendered":"<p>Star Brite 460 ml Vinylreinigungsshampoo &#8211; <\/p>\n<p>\u2022 Entfernt schnell Schmutz, Flecken und Fett<br \/>\u2022 Ausgezeichnet f\u00fcr alle Innen- und Au\u00dfen-Vinyloberfl\u00e4chen<br \/>\u2022 Anwendung auf vinylbeschichtetem Canvas, St\u00fchlen, Kissen und Wetterschutzkleidung<br \/>\u2022 Hinterl\u00e4sst keine Streifen, Flecken oder Verf\u00e4rbungen auf Vinyl<br \/>\u2022 Biologisch abbaubare konzentrierte Formel<\/p>\n","protected":false},"excerpt":{"rendered":"<p>Star Brite 460 ml Vinylreinigungsshampoo &#8211; \u2022 Entfernt schnell Schmutz, Flecken und Fett\u2022 Ausgezeichnet f\u00fcr alle Innen- und Au\u00dfen-Vinyloberfl\u00e4chen\u2022 Anwendung<\/p>\n","protected":false},"featured_media":5940753,"comment_status":"closed","ping_status":"closed","template":"","meta":[],"product_brand":[3435],"product_cat":[1341],"product_tag":[],"class_list":{"0":"post-3411545","1":"product","2":"type-product","3":"status-publish","4":"has-post-thumbnail","6":"product_brand-starbrite-de","7":"product_cat-produkte-zur-reinigung","9":"first","10":"instock","11":"shipping-taxable","12":"purchasable","13":"product-type-simple"},"_links":{"self":[{"href":"https:\/\/stoic-curie.212-227-153-4.plesk.page\/de\/wp-json\/wp\/v2\/product\/3411545","targetHints":{"allow":["GET"]}}],"collection":[{"href":"https:\/\/stoic-curie.212-227-153-4.plesk.page\/de\/wp-json\/wp\/v2\/product"}],"about":[{"href":"https:\/\/stoic-curie.212-227-153-4.plesk.page\/de\/wp-json\/wp\/v2\/types\/product"}],"replies":[{"embeddable":true,"href":"https:\/\/stoic-curie.212-227-153-4.plesk.page\/de\/wp-json\/wp\/v2\/comments?post=3411545"}],"version-history":[{"count":0,"href":"https:\/\/stoic-curie.212-227-153-4.plesk.page\/de\/wp-json\/wp\/v2\/product\/3411545\/revisions"}],"wp:featuredmedia":[{"embeddable":true,"href":"https:\/\/stoic-curie.212-227-153-4.plesk.page\/de\/wp-json\/wp\/v2\/media\/5940753"}],"wp:attachment":[{"href":"https:\/\/stoic-curie.212-227-153-4.plesk.page\/de\/wp-json\/wp\/v2\/media?parent=3411545"}],"wp:term":[{"taxonomy":"product_brand","embeddable":true,"href":"https:\/\/stoic-curie.212-227-153-4.plesk.page\/de\/wp-json\/wp\/v2\/product_brand?post=3411545"},{"taxonomy":"product_cat","embeddable":true,"href":"https:\/\/stoic-curie.212-227-153-4.plesk.page\/de\/wp-json\/wp\/v2\/product_cat?post=3411545"},{"taxonomy":"product_tag","embeddable":true,"href":"https:\/\/stoic-curie.212-227-153-4.plesk.page\/de\/wp-json\/wp\/v2\/product_tag?post=3411545"}],"curies":[{"name":"wp","href":"https:\/\/api.w.org\/{rel}","templated":true}]}}