{"id":3411611,"date":"2025-10-09T22:44:55","date_gmt":"2025-10-10T02:44:55","guid":{"rendered":"https:\/\/stoic-curie.212-227-153-4.plesk.page\/product\/biologisch-abbaubarer-nicht-entzuendbarer-entfetter-bilgenreiniger-1-l\/"},"modified":"2026-02-24T23:34:54","modified_gmt":"2026-02-24T23:34:54","slug":"biologisch-abbaubarer-nicht-entzuendbarer-entfetter-bilgenreiniger-1-l","status":"publish","type":"product","link":"https:\/\/stoic-curie.212-227-153-4.plesk.page\/de\/product\/biologisch-abbaubarer-nicht-entzuendbarer-entfetter-bilgenreiniger-1-l\/","title":{"rendered":"Biologisch abbaubarer nicht entz\u00fcndbarer Entfetter Bilgenreiniger 1 l"},"content":{"rendered":"<p>Biologisch abbaubarer nicht entz\u00fcndbarer Entfetter Bilgenreiniger 1 l &#8211; <\/p>\n<p>Biologisch abbaubarer, nicht brennbarer Entfetter und Reiniger, ideal zum Reinigen und Entfetten von Bilgen, Motoren und R\u00fcmpfen. Entfernt Schmutz, \u00d6l, Diesel und Fette. Kann unverd\u00fcnnt oder verd\u00fcnnt je nach St\u00e4rke der Verschmutzung verwendet werden.<\/p>\n","protected":false},"excerpt":{"rendered":"<p>Biologisch abbaubarer nicht entz\u00fcndbarer Entfetter Bilgenreiniger 1 l &#8211; Biologisch abbaubarer, nicht brennbarer Entfetter und Reiniger, ideal zum Reinigen und<\/p>\n","protected":false},"featured_media":5940763,"comment_status":"closed","ping_status":"closed","template":"","meta":[],"product_brand":[3235],"product_cat":[1341],"product_tag":[],"class_list":{"0":"post-3411611","1":"product","2":"type-product","3":"status-publish","4":"has-post-thumbnail","6":"product_brand-osculati-de","7":"product_cat-produkte-zur-reinigung","9":"first","10":"instock","11":"shipping-taxable","12":"purchasable","13":"product-type-simple"},"_links":{"self":[{"href":"https:\/\/stoic-curie.212-227-153-4.plesk.page\/de\/wp-json\/wp\/v2\/product\/3411611","targetHints":{"allow":["GET"]}}],"collection":[{"href":"https:\/\/stoic-curie.212-227-153-4.plesk.page\/de\/wp-json\/wp\/v2\/product"}],"about":[{"href":"https:\/\/stoic-curie.212-227-153-4.plesk.page\/de\/wp-json\/wp\/v2\/types\/product"}],"replies":[{"embeddable":true,"href":"https:\/\/stoic-curie.212-227-153-4.plesk.page\/de\/wp-json\/wp\/v2\/comments?post=3411611"}],"version-history":[{"count":0,"href":"https:\/\/stoic-curie.212-227-153-4.plesk.page\/de\/wp-json\/wp\/v2\/product\/3411611\/revisions"}],"wp:featuredmedia":[{"embeddable":true,"href":"https:\/\/stoic-curie.212-227-153-4.plesk.page\/de\/wp-json\/wp\/v2\/media\/5940763"}],"wp:attachment":[{"href":"https:\/\/stoic-curie.212-227-153-4.plesk.page\/de\/wp-json\/wp\/v2\/media?parent=3411611"}],"wp:term":[{"taxonomy":"product_brand","embeddable":true,"href":"https:\/\/stoic-curie.212-227-153-4.plesk.page\/de\/wp-json\/wp\/v2\/product_brand?post=3411611"},{"taxonomy":"product_cat","embeddable":true,"href":"https:\/\/stoic-curie.212-227-153-4.plesk.page\/de\/wp-json\/wp\/v2\/product_cat?post=3411611"},{"taxonomy":"product_tag","embeddable":true,"href":"https:\/\/stoic-curie.212-227-153-4.plesk.page\/de\/wp-json\/wp\/v2\/product_tag?post=3411611"}],"curies":[{"name":"wp","href":"https:\/\/api.w.org\/{rel}","templated":true}]}}