{"id":3411634,"date":"2025-10-09T22:44:56","date_gmt":"2025-10-10T02:44:56","guid":{"rendered":"https:\/\/stoic-curie.212-227-153-4.plesk.page\/product\/antifouling-spray-weiss\/"},"modified":"2026-02-24T23:34:54","modified_gmt":"2026-02-24T23:34:54","slug":"antifouling-spray-weiss","status":"publish","type":"product","link":"https:\/\/stoic-curie.212-227-153-4.plesk.page\/de\/product\/antifouling-spray-weiss\/","title":{"rendered":"Antifouling-Spray Wei\u00df"},"content":{"rendered":"<p>Antifouling-Spray Wei\u00df &#8211; <\/p>\n<p>Hartbeschichtetes Antifouling-Spray zum Schutz von Propellern und Heckantrieben. \u00d6kologisch, es enth\u00e4lt keine Kupfer- oder Zinnverbindungen.<\/p>\n","protected":false},"excerpt":{"rendered":"<p>Antifouling-Spray Wei\u00df &#8211; Hartbeschichtetes Antifouling-Spray zum Schutz von Propellern und Heckantrieben. \u00d6kologisch, es enth\u00e4lt keine Kupfer- oder Zinnverbindungen.<\/p>\n","protected":false},"featured_media":5935661,"comment_status":"closed","ping_status":"closed","template":"","meta":[],"product_brand":[3400],"product_cat":[1347],"product_tag":[],"class_list":{"0":"post-3411634","1":"product","2":"type-product","3":"status-publish","4":"has-post-thumbnail","6":"product_brand-silpar-tk-de","7":"product_cat-marine-lack","9":"first","10":"instock","11":"shipping-taxable","12":"purchasable","13":"product-type-simple"},"_links":{"self":[{"href":"https:\/\/stoic-curie.212-227-153-4.plesk.page\/de\/wp-json\/wp\/v2\/product\/3411634","targetHints":{"allow":["GET"]}}],"collection":[{"href":"https:\/\/stoic-curie.212-227-153-4.plesk.page\/de\/wp-json\/wp\/v2\/product"}],"about":[{"href":"https:\/\/stoic-curie.212-227-153-4.plesk.page\/de\/wp-json\/wp\/v2\/types\/product"}],"replies":[{"embeddable":true,"href":"https:\/\/stoic-curie.212-227-153-4.plesk.page\/de\/wp-json\/wp\/v2\/comments?post=3411634"}],"version-history":[{"count":0,"href":"https:\/\/stoic-curie.212-227-153-4.plesk.page\/de\/wp-json\/wp\/v2\/product\/3411634\/revisions"}],"wp:featuredmedia":[{"embeddable":true,"href":"https:\/\/stoic-curie.212-227-153-4.plesk.page\/de\/wp-json\/wp\/v2\/media\/5935661"}],"wp:attachment":[{"href":"https:\/\/stoic-curie.212-227-153-4.plesk.page\/de\/wp-json\/wp\/v2\/media?parent=3411634"}],"wp:term":[{"taxonomy":"product_brand","embeddable":true,"href":"https:\/\/stoic-curie.212-227-153-4.plesk.page\/de\/wp-json\/wp\/v2\/product_brand?post=3411634"},{"taxonomy":"product_cat","embeddable":true,"href":"https:\/\/stoic-curie.212-227-153-4.plesk.page\/de\/wp-json\/wp\/v2\/product_cat?post=3411634"},{"taxonomy":"product_tag","embeddable":true,"href":"https:\/\/stoic-curie.212-227-153-4.plesk.page\/de\/wp-json\/wp\/v2\/product_tag?post=3411634"}],"curies":[{"name":"wp","href":"https:\/\/api.w.org\/{rel}","templated":true}]}}