{"id":3411744,"date":"2025-10-09T22:45:00","date_gmt":"2025-10-10T02:45:00","guid":{"rendered":"https:\/\/stoic-curie.212-227-153-4.plesk.page\/product\/mini-farb-schwammrollen-10-cm\/"},"modified":"2026-02-24T23:34:54","modified_gmt":"2026-02-24T23:34:54","slug":"mini-farb-schwammrollen-10-cm","status":"publish","type":"product","link":"https:\/\/stoic-curie.212-227-153-4.plesk.page\/de\/product\/mini-farb-schwammrollen-10-cm\/","title":{"rendered":"Mini-Farb-Schwammrollen, 10 cm"},"content":{"rendered":"<p>Mini-Farb-Schwammrollen, 10 cm &#8211; <\/p>\n<p>Perlon wei\u00dfe Walzen mit gelber Linie. Florh\u00f6he 12 mm. F\u00fcr Farben und Lacke (inkl. Nitro). &#8211; Hochwertige Moltopren-Schaumstoffwalzen in Wei\u00df. Extra d\u00fcnne Porosit\u00e4t (kein Nitro!). &#8211; Hochwertige Velourswalzen in Ecru. Ideal f\u00fcr alle Lacke (inkl. Nitro). &#8211; Mikrofaserwei\u00dfe Walzen f\u00fcr fl\u00fcssige Lacke. Hohe Saugf\u00e4higkeit. &#8211; Walzengriffe von 5, 10 und 15 cm.<\/p>\n","protected":false},"excerpt":{"rendered":"<p>Mini-Farb-Schwammrollen, 10 cm &#8211; Perlon wei\u00dfe Walzen mit gelber Linie. Florh\u00f6he 12 mm. F\u00fcr Farben und Lacke (inkl. Nitro). &#8211;<\/p>\n","protected":false},"featured_media":5940770,"comment_status":"closed","ping_status":"closed","template":"","meta":[],"product_brand":[3235],"product_cat":[1345],"product_tag":[],"class_list":{"0":"post-3411744","1":"product","2":"type-product","3":"status-publish","4":"has-post-thumbnail","6":"product_brand-osculati-de","7":"product_cat-malerwerkzeug","9":"first","10":"instock","11":"shipping-taxable","12":"purchasable","13":"product-type-simple"},"_links":{"self":[{"href":"https:\/\/stoic-curie.212-227-153-4.plesk.page\/de\/wp-json\/wp\/v2\/product\/3411744","targetHints":{"allow":["GET"]}}],"collection":[{"href":"https:\/\/stoic-curie.212-227-153-4.plesk.page\/de\/wp-json\/wp\/v2\/product"}],"about":[{"href":"https:\/\/stoic-curie.212-227-153-4.plesk.page\/de\/wp-json\/wp\/v2\/types\/product"}],"replies":[{"embeddable":true,"href":"https:\/\/stoic-curie.212-227-153-4.plesk.page\/de\/wp-json\/wp\/v2\/comments?post=3411744"}],"version-history":[{"count":0,"href":"https:\/\/stoic-curie.212-227-153-4.plesk.page\/de\/wp-json\/wp\/v2\/product\/3411744\/revisions"}],"wp:featuredmedia":[{"embeddable":true,"href":"https:\/\/stoic-curie.212-227-153-4.plesk.page\/de\/wp-json\/wp\/v2\/media\/5940770"}],"wp:attachment":[{"href":"https:\/\/stoic-curie.212-227-153-4.plesk.page\/de\/wp-json\/wp\/v2\/media?parent=3411744"}],"wp:term":[{"taxonomy":"product_brand","embeddable":true,"href":"https:\/\/stoic-curie.212-227-153-4.plesk.page\/de\/wp-json\/wp\/v2\/product_brand?post=3411744"},{"taxonomy":"product_cat","embeddable":true,"href":"https:\/\/stoic-curie.212-227-153-4.plesk.page\/de\/wp-json\/wp\/v2\/product_cat?post=3411744"},{"taxonomy":"product_tag","embeddable":true,"href":"https:\/\/stoic-curie.212-227-153-4.plesk.page\/de\/wp-json\/wp\/v2\/product_tag?post=3411744"}],"curies":[{"name":"wp","href":"https:\/\/api.w.org\/{rel}","templated":true}]}}