{"id":3411794,"date":"2025-10-09T22:45:02","date_gmt":"2025-10-10T02:45:02","guid":{"rendered":"https:\/\/stoic-curie.212-227-153-4.plesk.page\/product\/scotch-brite-blatt-gruen-115-x-280mm-gp\/"},"modified":"2026-02-24T23:34:54","modified_gmt":"2026-02-24T23:34:54","slug":"scotch-brite-blatt-gruen-115-x-280mm-gp","status":"publish","type":"product","link":"https:\/\/stoic-curie.212-227-153-4.plesk.page\/de\/product\/scotch-brite-blatt-gruen-115-x-280mm-gp\/","title":{"rendered":"Scotch-Brite-Blatt Gr\u00fcn 115 x 280mm GP"},"content":{"rendered":"<p>Scotch-Brite-Blatt Gr\u00fcn 115 x 280mm GP &#8211; <\/p>\n<p>Synthetische Faser-Schleifbl\u00e4tter, die mit Harz an der Schleifpad gebunden sind. Hervorragend geeignet f\u00fcr das Finish und das Polieren von Holzoberfl\u00e4chen, Stahl und Metallen.<\/p>\n","protected":false},"excerpt":{"rendered":"<p>Scotch-Brite-Blatt Gr\u00fcn 115 x 280mm GP &#8211; Synthetische Faser-Schleifbl\u00e4tter, die mit Harz an der Schleifpad gebunden sind. Hervorragend geeignet f\u00fcr<\/p>\n","protected":false},"featured_media":5940776,"comment_status":"closed","ping_status":"closed","template":"","meta":[],"product_brand":[2770],"product_cat":[1345],"product_tag":[],"class_list":{"0":"post-3411794","1":"product","2":"type-product","3":"status-publish","4":"has-post-thumbnail","6":"product_brand-3m-marine-de","7":"product_cat-malerwerkzeug","9":"first","10":"instock","11":"shipping-taxable","12":"purchasable","13":"product-type-simple"},"_links":{"self":[{"href":"https:\/\/stoic-curie.212-227-153-4.plesk.page\/de\/wp-json\/wp\/v2\/product\/3411794","targetHints":{"allow":["GET"]}}],"collection":[{"href":"https:\/\/stoic-curie.212-227-153-4.plesk.page\/de\/wp-json\/wp\/v2\/product"}],"about":[{"href":"https:\/\/stoic-curie.212-227-153-4.plesk.page\/de\/wp-json\/wp\/v2\/types\/product"}],"replies":[{"embeddable":true,"href":"https:\/\/stoic-curie.212-227-153-4.plesk.page\/de\/wp-json\/wp\/v2\/comments?post=3411794"}],"version-history":[{"count":0,"href":"https:\/\/stoic-curie.212-227-153-4.plesk.page\/de\/wp-json\/wp\/v2\/product\/3411794\/revisions"}],"wp:featuredmedia":[{"embeddable":true,"href":"https:\/\/stoic-curie.212-227-153-4.plesk.page\/de\/wp-json\/wp\/v2\/media\/5940776"}],"wp:attachment":[{"href":"https:\/\/stoic-curie.212-227-153-4.plesk.page\/de\/wp-json\/wp\/v2\/media?parent=3411794"}],"wp:term":[{"taxonomy":"product_brand","embeddable":true,"href":"https:\/\/stoic-curie.212-227-153-4.plesk.page\/de\/wp-json\/wp\/v2\/product_brand?post=3411794"},{"taxonomy":"product_cat","embeddable":true,"href":"https:\/\/stoic-curie.212-227-153-4.plesk.page\/de\/wp-json\/wp\/v2\/product_cat?post=3411794"},{"taxonomy":"product_tag","embeddable":true,"href":"https:\/\/stoic-curie.212-227-153-4.plesk.page\/de\/wp-json\/wp\/v2\/product_tag?post=3411794"}],"curies":[{"name":"wp","href":"https:\/\/api.w.org\/{rel}","templated":true}]}}