{"id":3411810,"date":"2025-10-09T22:45:02","date_gmt":"2025-10-10T02:45:02","guid":{"rendered":"https:\/\/stoic-curie.212-227-153-4.plesk.page\/product\/schleifpad-100-x-125-x-125-mm-g-p36\/"},"modified":"2026-02-24T23:34:54","modified_gmt":"2026-02-24T23:34:54","slug":"schleifpad-100-x-125-x-125-mm-g-p36","status":"publish","type":"product","link":"https:\/\/stoic-curie.212-227-153-4.plesk.page\/de\/product\/schleifpad-100-x-125-x-125-mm-g-p36\/","title":{"rendered":"Schleifpad 100 x 125 x 12,5 mm G (P36)"},"content":{"rendered":"<p>Schleifpad 100 x 125 x 12,5 mm G (P36) &#8211; <\/p>\n<p>Synthetischer Schwamm-Schleifblock, der mit einem speziellen Harz an der Schleifpad bonded ist. Ideal zum Entfernen von Farbe, Salz, Rost und Fett von Holz und Metallen. Die feinen K\u00f6rner eignen sich hervorragend zum Entfernen von Unvollkommenheiten und Mattheit von Lackierungen zur Vorbereitung auf das Polieren. Vier abrassive Seiten f\u00fcr kleine Schw\u00e4mme und zwei abrassive Seiten f\u00fcr gro\u00dfe Schw\u00e4mme.<\/p>\n","protected":false},"excerpt":{"rendered":"<p>Schleifpad 100 x 125 x 12,5 mm G (P36) &#8211; Synthetischer Schwamm-Schleifblock, der mit einem speziellen Harz an der Schleifpad<\/p>\n","protected":false},"featured_media":5940777,"comment_status":"closed","ping_status":"closed","template":"","meta":[],"product_brand":[3235],"product_cat":[1345],"product_tag":[],"class_list":{"0":"post-3411810","1":"product","2":"type-product","3":"status-publish","4":"has-post-thumbnail","6":"product_brand-osculati-de","7":"product_cat-malerwerkzeug","9":"first","10":"instock","11":"shipping-taxable","12":"purchasable","13":"product-type-simple"},"_links":{"self":[{"href":"https:\/\/stoic-curie.212-227-153-4.plesk.page\/de\/wp-json\/wp\/v2\/product\/3411810","targetHints":{"allow":["GET"]}}],"collection":[{"href":"https:\/\/stoic-curie.212-227-153-4.plesk.page\/de\/wp-json\/wp\/v2\/product"}],"about":[{"href":"https:\/\/stoic-curie.212-227-153-4.plesk.page\/de\/wp-json\/wp\/v2\/types\/product"}],"replies":[{"embeddable":true,"href":"https:\/\/stoic-curie.212-227-153-4.plesk.page\/de\/wp-json\/wp\/v2\/comments?post=3411810"}],"version-history":[{"count":0,"href":"https:\/\/stoic-curie.212-227-153-4.plesk.page\/de\/wp-json\/wp\/v2\/product\/3411810\/revisions"}],"wp:featuredmedia":[{"embeddable":true,"href":"https:\/\/stoic-curie.212-227-153-4.plesk.page\/de\/wp-json\/wp\/v2\/media\/5940777"}],"wp:attachment":[{"href":"https:\/\/stoic-curie.212-227-153-4.plesk.page\/de\/wp-json\/wp\/v2\/media?parent=3411810"}],"wp:term":[{"taxonomy":"product_brand","embeddable":true,"href":"https:\/\/stoic-curie.212-227-153-4.plesk.page\/de\/wp-json\/wp\/v2\/product_brand?post=3411810"},{"taxonomy":"product_cat","embeddable":true,"href":"https:\/\/stoic-curie.212-227-153-4.plesk.page\/de\/wp-json\/wp\/v2\/product_cat?post=3411810"},{"taxonomy":"product_tag","embeddable":true,"href":"https:\/\/stoic-curie.212-227-153-4.plesk.page\/de\/wp-json\/wp\/v2\/product_tag?post=3411810"}],"curies":[{"name":"wp","href":"https:\/\/api.w.org\/{rel}","templated":true}]}}