{"id":3411858,"date":"2025-10-09T22:45:04","date_gmt":"2025-10-10T02:45:04","guid":{"rendered":"https:\/\/stoic-curie.212-227-153-4.plesk.page\/product\/thermischer-getraenkehalter-blau-mit-clip\/"},"modified":"2026-02-24T23:34:54","modified_gmt":"2026-02-24T23:34:54","slug":"thermischer-getraenkehalter-blau-mit-clip","status":"publish","type":"product","link":"https:\/\/stoic-curie.212-227-153-4.plesk.page\/de\/product\/thermischer-getraenkehalter-blau-mit-clip\/","title":{"rendered":"Thermischer Getr\u00e4nkehalter Blau mit Clip"},"content":{"rendered":"<p>Thermischer Getr\u00e4nkehalter Blau mit Clip &#8211; <\/p>\n<p>Thermobecherhalter aus 100 % weichem Polyurethan. Ideal f\u00fcr Dosen, Gl\u00e4ser oder 33 cl Flaschen. Er eignet sich auch hervorragend zur Aufbewahrung von Mobiltelefonen, VHF-Ger\u00e4ten, GPS, Brillen usw. Er kann einfach an jedem 2230 mm Rohr, wie Gel\u00e4ndern, Ambos, St\u00fctzen oder Handl\u00e4ufen, befestigt oder versetzt werden.<\/p>\n","protected":false},"excerpt":{"rendered":"<p>Thermischer Getr\u00e4nkehalter Blau mit Clip &#8211; Thermobecherhalter aus 100 % weichem Polyurethan. Ideal f\u00fcr Dosen, Gl\u00e4ser oder 33 cl Flaschen.<\/p>\n","protected":false},"featured_media":5940785,"comment_status":"closed","ping_status":"closed","template":"","meta":[],"product_brand":[3490],"product_cat":[1357],"product_tag":[],"class_list":{"0":"post-3411858","1":"product","2":"type-product","3":"status-publish","4":"has-post-thumbnail","6":"product_brand-trem-de","7":"product_cat-aufbewahrungszubehoer","9":"first","10":"instock","11":"shipping-taxable","12":"purchasable","13":"product-type-simple"},"_links":{"self":[{"href":"https:\/\/stoic-curie.212-227-153-4.plesk.page\/de\/wp-json\/wp\/v2\/product\/3411858","targetHints":{"allow":["GET"]}}],"collection":[{"href":"https:\/\/stoic-curie.212-227-153-4.plesk.page\/de\/wp-json\/wp\/v2\/product"}],"about":[{"href":"https:\/\/stoic-curie.212-227-153-4.plesk.page\/de\/wp-json\/wp\/v2\/types\/product"}],"replies":[{"embeddable":true,"href":"https:\/\/stoic-curie.212-227-153-4.plesk.page\/de\/wp-json\/wp\/v2\/comments?post=3411858"}],"version-history":[{"count":0,"href":"https:\/\/stoic-curie.212-227-153-4.plesk.page\/de\/wp-json\/wp\/v2\/product\/3411858\/revisions"}],"wp:featuredmedia":[{"embeddable":true,"href":"https:\/\/stoic-curie.212-227-153-4.plesk.page\/de\/wp-json\/wp\/v2\/media\/5940785"}],"wp:attachment":[{"href":"https:\/\/stoic-curie.212-227-153-4.plesk.page\/de\/wp-json\/wp\/v2\/media?parent=3411858"}],"wp:term":[{"taxonomy":"product_brand","embeddable":true,"href":"https:\/\/stoic-curie.212-227-153-4.plesk.page\/de\/wp-json\/wp\/v2\/product_brand?post=3411858"},{"taxonomy":"product_cat","embeddable":true,"href":"https:\/\/stoic-curie.212-227-153-4.plesk.page\/de\/wp-json\/wp\/v2\/product_cat?post=3411858"},{"taxonomy":"product_tag","embeddable":true,"href":"https:\/\/stoic-curie.212-227-153-4.plesk.page\/de\/wp-json\/wp\/v2\/product_tag?post=3411858"}],"curies":[{"name":"wp","href":"https:\/\/api.w.org\/{rel}","templated":true}]}}