{"id":3411920,"date":"2025-10-09T22:45:07","date_gmt":"2025-10-10T02:45:07","guid":{"rendered":"https:\/\/stoic-curie.212-227-153-4.plesk.page\/product\/schwimmende-schluesselanhaenger-f1-blau\/"},"modified":"2026-02-24T23:34:54","modified_gmt":"2026-02-24T23:34:54","slug":"schwimmende-schluesselanhaenger-f1-blau","status":"publish","type":"product","link":"https:\/\/stoic-curie.212-227-153-4.plesk.page\/de\/product\/schwimmende-schluesselanhaenger-f1-blau\/","title":{"rendered":"Schwimmende Schl\u00fcsselanh\u00e4nger F1 Blau"},"content":{"rendered":"<p>Schwimmende Schl\u00fcsselanh\u00e4nger F1 Blau &#8211; <\/p>\n<p>Weiche und robuste PVC Fluo Fender schwimmende Schl\u00fcsselanh\u00e4nger.<\/p>\n","protected":false},"excerpt":{"rendered":"<p>Schwimmende Schl\u00fcsselanh\u00e4nger F1 Blau &#8211; Weiche und robuste PVC Fluo Fender schwimmende Schl\u00fcsselanh\u00e4nger.<\/p>\n","protected":false},"featured_media":5940798,"comment_status":"closed","ping_status":"closed","template":"","meta":[],"product_brand":[3090],"product_cat":[1566],"product_tag":[],"class_list":{"0":"post-3411920","1":"product","2":"type-product","3":"status-publish","4":"has-post-thumbnail","6":"product_brand-majoni-de","7":"product_cat-nautische-schluesselanhaenger","9":"first","10":"instock","11":"shipping-taxable","12":"purchasable","13":"product-type-simple"},"_links":{"self":[{"href":"https:\/\/stoic-curie.212-227-153-4.plesk.page\/de\/wp-json\/wp\/v2\/product\/3411920","targetHints":{"allow":["GET"]}}],"collection":[{"href":"https:\/\/stoic-curie.212-227-153-4.plesk.page\/de\/wp-json\/wp\/v2\/product"}],"about":[{"href":"https:\/\/stoic-curie.212-227-153-4.plesk.page\/de\/wp-json\/wp\/v2\/types\/product"}],"replies":[{"embeddable":true,"href":"https:\/\/stoic-curie.212-227-153-4.plesk.page\/de\/wp-json\/wp\/v2\/comments?post=3411920"}],"version-history":[{"count":0,"href":"https:\/\/stoic-curie.212-227-153-4.plesk.page\/de\/wp-json\/wp\/v2\/product\/3411920\/revisions"}],"wp:featuredmedia":[{"embeddable":true,"href":"https:\/\/stoic-curie.212-227-153-4.plesk.page\/de\/wp-json\/wp\/v2\/media\/5940798"}],"wp:attachment":[{"href":"https:\/\/stoic-curie.212-227-153-4.plesk.page\/de\/wp-json\/wp\/v2\/media?parent=3411920"}],"wp:term":[{"taxonomy":"product_brand","embeddable":true,"href":"https:\/\/stoic-curie.212-227-153-4.plesk.page\/de\/wp-json\/wp\/v2\/product_brand?post=3411920"},{"taxonomy":"product_cat","embeddable":true,"href":"https:\/\/stoic-curie.212-227-153-4.plesk.page\/de\/wp-json\/wp\/v2\/product_cat?post=3411920"},{"taxonomy":"product_tag","embeddable":true,"href":"https:\/\/stoic-curie.212-227-153-4.plesk.page\/de\/wp-json\/wp\/v2\/product_tag?post=3411920"}],"curies":[{"name":"wp","href":"https:\/\/api.w.org\/{rel}","templated":true}]}}