{"id":3411940,"date":"2025-10-09T22:45:07","date_gmt":"2025-10-10T02:45:07","guid":{"rendered":"https:\/\/stoic-curie.212-227-153-4.plesk.page\/product\/klappmesser-mit-skippergelb\/"},"modified":"2026-02-24T23:34:54","modified_gmt":"2026-02-24T23:34:54","slug":"klappmesser-mit-skippergelb","status":"publish","type":"product","link":"https:\/\/stoic-curie.212-227-153-4.plesk.page\/de\/product\/klappmesser-mit-skippergelb\/","title":{"rendered":"Klappmesser mit Skippergelb"},"content":{"rendered":"<p>Klappmesser mit Skippergelb &#8211; <\/p>\n<p>Springmesser mit Klingenverriegelung. Ausgestattet mit einem Flaschen\u00f6ffner, einem \u00d6ffner f\u00fcr Verschl\u00fcsse, einem Schraubendreher und einem hohlen Fid. Griff aus PP und TPE, Klinge aus Edelstahl W1.4419.<\/p>\n","protected":false},"excerpt":{"rendered":"<p>Klappmesser mit Skippergelb &#8211; Springmesser mit Klingenverriegelung. Ausgestattet mit einem Flaschen\u00f6ffner, einem \u00d6ffner f\u00fcr Verschl\u00fcsse, einem Schraubendreher und einem hohlen<\/p>\n","protected":false},"featured_media":5940808,"comment_status":"closed","ping_status":"closed","template":"","meta":[],"product_brand":[3080],"product_cat":[1569,1326],"product_tag":[],"class_list":{"0":"post-3411940","1":"product","2":"type-product","3":"status-publish","4":"has-post-thumbnail","6":"product_brand-macs-de","7":"product_cat-segelmesser-und-werkzeuge","8":"product_cat-splicing-werkzeuge","10":"first","11":"instock","12":"shipping-taxable","13":"purchasable","14":"product-type-simple"},"_links":{"self":[{"href":"https:\/\/stoic-curie.212-227-153-4.plesk.page\/de\/wp-json\/wp\/v2\/product\/3411940","targetHints":{"allow":["GET"]}}],"collection":[{"href":"https:\/\/stoic-curie.212-227-153-4.plesk.page\/de\/wp-json\/wp\/v2\/product"}],"about":[{"href":"https:\/\/stoic-curie.212-227-153-4.plesk.page\/de\/wp-json\/wp\/v2\/types\/product"}],"replies":[{"embeddable":true,"href":"https:\/\/stoic-curie.212-227-153-4.plesk.page\/de\/wp-json\/wp\/v2\/comments?post=3411940"}],"version-history":[{"count":0,"href":"https:\/\/stoic-curie.212-227-153-4.plesk.page\/de\/wp-json\/wp\/v2\/product\/3411940\/revisions"}],"wp:featuredmedia":[{"embeddable":true,"href":"https:\/\/stoic-curie.212-227-153-4.plesk.page\/de\/wp-json\/wp\/v2\/media\/5940808"}],"wp:attachment":[{"href":"https:\/\/stoic-curie.212-227-153-4.plesk.page\/de\/wp-json\/wp\/v2\/media?parent=3411940"}],"wp:term":[{"taxonomy":"product_brand","embeddable":true,"href":"https:\/\/stoic-curie.212-227-153-4.plesk.page\/de\/wp-json\/wp\/v2\/product_brand?post=3411940"},{"taxonomy":"product_cat","embeddable":true,"href":"https:\/\/stoic-curie.212-227-153-4.plesk.page\/de\/wp-json\/wp\/v2\/product_cat?post=3411940"},{"taxonomy":"product_tag","embeddable":true,"href":"https:\/\/stoic-curie.212-227-153-4.plesk.page\/de\/wp-json\/wp\/v2\/product_tag?post=3411940"}],"curies":[{"name":"wp","href":"https:\/\/api.w.org\/{rel}","templated":true}]}}