{"id":3411966,"date":"2025-10-09T22:45:08","date_gmt":"2025-10-10T02:45:08","guid":{"rendered":"https:\/\/stoic-curie.212-227-153-4.plesk.page\/product\/grosse-hohlfiedern-265cm-edelstahl\/"},"modified":"2026-02-24T23:34:54","modified_gmt":"2026-02-24T23:34:54","slug":"grosse-hohlfiedern-265cm-edelstahl","status":"publish","type":"product","link":"https:\/\/stoic-curie.212-227-153-4.plesk.page\/de\/product\/grosse-hohlfiedern-265cm-edelstahl\/","title":{"rendered":"Gro\u00dfe Hohlfiedern 26,5cm Edelstahl"},"content":{"rendered":"<p>Gro\u00dfe Hohlfiedern 26,5cm Edelstahl &#8211; <\/p>\n<p>Edelstahl-Hohlfids mit Holzgriff, der verwendet wird, um behutsam die Str\u00e4nge von Leinen zu \u00f6ffnen.<\/p>\n","protected":false},"excerpt":{"rendered":"<p>Gro\u00dfe Hohlfiedern 26,5cm Edelstahl &#8211; Edelstahl-Hohlfids mit Holzgriff, der verwendet wird, um behutsam die Str\u00e4nge von Leinen zu \u00f6ffnen.<\/p>\n","protected":false},"featured_media":5940813,"comment_status":"closed","ping_status":"closed","template":"","meta":[],"product_brand":[3080],"product_cat":[1569,1326],"product_tag":[],"class_list":{"0":"post-3411966","1":"product","2":"type-product","3":"status-publish","4":"has-post-thumbnail","6":"product_brand-macs-de","7":"product_cat-segelmesser-und-werkzeuge","8":"product_cat-splicing-werkzeuge","10":"first","11":"instock","12":"shipping-taxable","13":"purchasable","14":"product-type-simple"},"_links":{"self":[{"href":"https:\/\/stoic-curie.212-227-153-4.plesk.page\/de\/wp-json\/wp\/v2\/product\/3411966","targetHints":{"allow":["GET"]}}],"collection":[{"href":"https:\/\/stoic-curie.212-227-153-4.plesk.page\/de\/wp-json\/wp\/v2\/product"}],"about":[{"href":"https:\/\/stoic-curie.212-227-153-4.plesk.page\/de\/wp-json\/wp\/v2\/types\/product"}],"replies":[{"embeddable":true,"href":"https:\/\/stoic-curie.212-227-153-4.plesk.page\/de\/wp-json\/wp\/v2\/comments?post=3411966"}],"version-history":[{"count":0,"href":"https:\/\/stoic-curie.212-227-153-4.plesk.page\/de\/wp-json\/wp\/v2\/product\/3411966\/revisions"}],"wp:featuredmedia":[{"embeddable":true,"href":"https:\/\/stoic-curie.212-227-153-4.plesk.page\/de\/wp-json\/wp\/v2\/media\/5940813"}],"wp:attachment":[{"href":"https:\/\/stoic-curie.212-227-153-4.plesk.page\/de\/wp-json\/wp\/v2\/media?parent=3411966"}],"wp:term":[{"taxonomy":"product_brand","embeddable":true,"href":"https:\/\/stoic-curie.212-227-153-4.plesk.page\/de\/wp-json\/wp\/v2\/product_brand?post=3411966"},{"taxonomy":"product_cat","embeddable":true,"href":"https:\/\/stoic-curie.212-227-153-4.plesk.page\/de\/wp-json\/wp\/v2\/product_cat?post=3411966"},{"taxonomy":"product_tag","embeddable":true,"href":"https:\/\/stoic-curie.212-227-153-4.plesk.page\/de\/wp-json\/wp\/v2\/product_tag?post=3411966"}],"curies":[{"name":"wp","href":"https:\/\/api.w.org\/{rel}","templated":true}]}}