{"id":3412100,"date":"2025-10-09T22:45:13","date_gmt":"2025-10-10T02:45:13","guid":{"rendered":"https:\/\/stoic-curie.212-227-153-4.plesk.page\/product\/star-brite-bootswasch-und-wachmittel-1-liter\/"},"modified":"2026-02-24T23:34:54","modified_gmt":"2026-02-24T23:34:54","slug":"star-brite-bootswasch-und-wachmittel-1-liter","status":"publish","type":"product","link":"https:\/\/stoic-curie.212-227-153-4.plesk.page\/de\/product\/star-brite-bootswasch-und-wachmittel-1-liter\/","title":{"rendered":"Star Brite Bootswasch- und Wachmittel 1 Liter"},"content":{"rendered":"<p>Star Brite Bootswasch- und Wachmittel 1 Liter &#8211; <\/p>\n<p>\u2022 Reinigen und sch\u00fctzen, Zeit und Geld sparen<br \/>\u2022 Konzentrierte Formel f\u00fcr die schnelle Reinigung aller Oberfl\u00e4chen, ohne die Umwelt zu sch\u00e4digen<br \/>\u2022 Konzentrierte Formel erm\u00f6glicht die Verwendung einer kleinen Produktmenge &#8211; 3 Kappen reichen f\u00fcr ein 7 Meter langes Boot<br \/>\u2022 Niedriger Seifenanteil vermeidet Wasserverschwendung, enth\u00e4lt keine Phosphate<br \/>\u2022 Umweltfreundlich dank seiner 100% biologisch abbaubaren Formel<\/p>\n","protected":false},"excerpt":{"rendered":"<p>Star Brite Bootswasch- und Wachmittel 1 Liter &#8211; \u2022 Reinigen und sch\u00fctzen, Zeit und Geld sparen\u2022 Konzentrierte Formel f\u00fcr die<\/p>\n","protected":false},"featured_media":5940855,"comment_status":"closed","ping_status":"closed","template":"","meta":[],"product_brand":[3435],"product_cat":[1341],"product_tag":[],"class_list":{"0":"post-3412100","1":"product","2":"type-product","3":"status-publish","4":"has-post-thumbnail","6":"product_brand-starbrite-de","7":"product_cat-produkte-zur-reinigung","9":"first","10":"instock","11":"shipping-taxable","12":"purchasable","13":"product-type-simple"},"_links":{"self":[{"href":"https:\/\/stoic-curie.212-227-153-4.plesk.page\/de\/wp-json\/wp\/v2\/product\/3412100","targetHints":{"allow":["GET"]}}],"collection":[{"href":"https:\/\/stoic-curie.212-227-153-4.plesk.page\/de\/wp-json\/wp\/v2\/product"}],"about":[{"href":"https:\/\/stoic-curie.212-227-153-4.plesk.page\/de\/wp-json\/wp\/v2\/types\/product"}],"replies":[{"embeddable":true,"href":"https:\/\/stoic-curie.212-227-153-4.plesk.page\/de\/wp-json\/wp\/v2\/comments?post=3412100"}],"version-history":[{"count":0,"href":"https:\/\/stoic-curie.212-227-153-4.plesk.page\/de\/wp-json\/wp\/v2\/product\/3412100\/revisions"}],"wp:featuredmedia":[{"embeddable":true,"href":"https:\/\/stoic-curie.212-227-153-4.plesk.page\/de\/wp-json\/wp\/v2\/media\/5940855"}],"wp:attachment":[{"href":"https:\/\/stoic-curie.212-227-153-4.plesk.page\/de\/wp-json\/wp\/v2\/media?parent=3412100"}],"wp:term":[{"taxonomy":"product_brand","embeddable":true,"href":"https:\/\/stoic-curie.212-227-153-4.plesk.page\/de\/wp-json\/wp\/v2\/product_brand?post=3412100"},{"taxonomy":"product_cat","embeddable":true,"href":"https:\/\/stoic-curie.212-227-153-4.plesk.page\/de\/wp-json\/wp\/v2\/product_cat?post=3412100"},{"taxonomy":"product_tag","embeddable":true,"href":"https:\/\/stoic-curie.212-227-153-4.plesk.page\/de\/wp-json\/wp\/v2\/product_tag?post=3412100"}],"curies":[{"name":"wp","href":"https:\/\/api.w.org\/{rel}","templated":true}]}}