{"id":3412234,"date":"2025-10-09T22:45:18","date_gmt":"2025-10-10T02:45:18","guid":{"rendered":"https:\/\/stoic-curie.212-227-153-4.plesk.page\/product\/shurhold-adapter-fuer-verlaengerungsbuerstengriffe\/"},"modified":"2026-02-24T23:34:55","modified_gmt":"2026-02-24T23:34:55","slug":"shurhold-adapter-fuer-verlaengerungsbuerstengriffe","status":"publish","type":"product","link":"https:\/\/stoic-curie.212-227-153-4.plesk.page\/de\/product\/shurhold-adapter-fuer-verlaengerungsbuerstengriffe\/","title":{"rendered":"Shurhold Adapter f\u00fcr Verl\u00e4ngerungsb\u00fcrstengriffe"},"content":{"rendered":"<p>Shurhold Adapter f\u00fcr Verl\u00e4ngerungsb\u00fcrstengriffe &#8211; <\/p>\n<p>Adapter 5709098 zur Montage von Zubeh\u00f6r (B\u00fcrsten usw.) Shurhold an Star Brite Griffen.<br \/>Adapter 5709099 zur Montage von Zubeh\u00f6r (B\u00fcrsten usw.) Star Brite an Shurhold Griffen.<br \/>Hergestellt aus eloxiertem Aluminium.<\/p>\n","protected":false},"excerpt":{"rendered":"<p>Shurhold Adapter f\u00fcr Verl\u00e4ngerungsb\u00fcrstengriffe &#8211; Adapter 5709098 zur Montage von Zubeh\u00f6r (B\u00fcrsten usw.) Shurhold an Star Brite Griffen.Adapter 5709099 zur<\/p>\n","protected":false},"featured_media":5940690,"comment_status":"closed","ping_status":"closed","template":"","meta":[],"product_brand":[3435],"product_cat":[1346],"product_tag":[],"class_list":{"0":"post-3412234","1":"product","2":"type-product","3":"status-publish","4":"has-post-thumbnail","6":"product_brand-starbrite-de","7":"product_cat-reinigungsbuersten","9":"first","10":"instock","11":"shipping-taxable","12":"purchasable","13":"product-type-simple"},"_links":{"self":[{"href":"https:\/\/stoic-curie.212-227-153-4.plesk.page\/de\/wp-json\/wp\/v2\/product\/3412234","targetHints":{"allow":["GET"]}}],"collection":[{"href":"https:\/\/stoic-curie.212-227-153-4.plesk.page\/de\/wp-json\/wp\/v2\/product"}],"about":[{"href":"https:\/\/stoic-curie.212-227-153-4.plesk.page\/de\/wp-json\/wp\/v2\/types\/product"}],"replies":[{"embeddable":true,"href":"https:\/\/stoic-curie.212-227-153-4.plesk.page\/de\/wp-json\/wp\/v2\/comments?post=3412234"}],"version-history":[{"count":0,"href":"https:\/\/stoic-curie.212-227-153-4.plesk.page\/de\/wp-json\/wp\/v2\/product\/3412234\/revisions"}],"wp:featuredmedia":[{"embeddable":true,"href":"https:\/\/stoic-curie.212-227-153-4.plesk.page\/de\/wp-json\/wp\/v2\/media\/5940690"}],"wp:attachment":[{"href":"https:\/\/stoic-curie.212-227-153-4.plesk.page\/de\/wp-json\/wp\/v2\/media?parent=3412234"}],"wp:term":[{"taxonomy":"product_brand","embeddable":true,"href":"https:\/\/stoic-curie.212-227-153-4.plesk.page\/de\/wp-json\/wp\/v2\/product_brand?post=3412234"},{"taxonomy":"product_cat","embeddable":true,"href":"https:\/\/stoic-curie.212-227-153-4.plesk.page\/de\/wp-json\/wp\/v2\/product_cat?post=3412234"},{"taxonomy":"product_tag","embeddable":true,"href":"https:\/\/stoic-curie.212-227-153-4.plesk.page\/de\/wp-json\/wp\/v2\/product_tag?post=3412234"}],"curies":[{"name":"wp","href":"https:\/\/api.w.org\/{rel}","templated":true}]}}