{"id":3412236,"date":"2025-10-09T22:45:18","date_gmt":"2025-10-10T02:45:18","guid":{"rendered":"https:\/\/stoic-curie.212-227-153-4.plesk.page\/product\/adapter-fuer-griffe-shurhold-zu-star-brite-buersten\/"},"modified":"2026-02-24T23:34:55","modified_gmt":"2026-02-24T23:34:55","slug":"adapter-fuer-griffe-shurhold-zu-star-brite-buersten","status":"publish","type":"product","link":"https:\/\/stoic-curie.212-227-153-4.plesk.page\/de\/product\/adapter-fuer-griffe-shurhold-zu-star-brite-buersten\/","title":{"rendered":"Adapter f\u00fcr Griffe Shurhold zu Star Brite B\u00fcrsten"},"content":{"rendered":"<p>Adapter f\u00fcr Griffe Shurhold zu Star Brite B\u00fcrsten &#8211; <\/p>\n<p>Adapter 5709098 zur Montage von Zubeh\u00f6r (B\u00fcrsten usw.) von Shurhold an Star Brite Griffen. Adapter 5709099 zur Montage von Zubeh\u00f6r (B\u00fcrsten usw.) von Star Brite an Shurhold Griffen. Hergestellt aus anodisiertem Aluminium.<\/p>\n","protected":false},"excerpt":{"rendered":"<p>Adapter f\u00fcr Griffe Shurhold zu Star Brite B\u00fcrsten &#8211; Adapter 5709098 zur Montage von Zubeh\u00f6r (B\u00fcrsten usw.) von Shurhold an<\/p>\n","protected":false},"featured_media":5940890,"comment_status":"closed","ping_status":"closed","template":"","meta":[],"product_brand":[3435],"product_cat":[1346],"product_tag":[],"class_list":{"0":"post-3412236","1":"product","2":"type-product","3":"status-publish","4":"has-post-thumbnail","6":"product_brand-starbrite-de","7":"product_cat-reinigungsbuersten","9":"first","10":"instock","11":"shipping-taxable","12":"purchasable","13":"product-type-simple"},"_links":{"self":[{"href":"https:\/\/stoic-curie.212-227-153-4.plesk.page\/de\/wp-json\/wp\/v2\/product\/3412236","targetHints":{"allow":["GET"]}}],"collection":[{"href":"https:\/\/stoic-curie.212-227-153-4.plesk.page\/de\/wp-json\/wp\/v2\/product"}],"about":[{"href":"https:\/\/stoic-curie.212-227-153-4.plesk.page\/de\/wp-json\/wp\/v2\/types\/product"}],"replies":[{"embeddable":true,"href":"https:\/\/stoic-curie.212-227-153-4.plesk.page\/de\/wp-json\/wp\/v2\/comments?post=3412236"}],"version-history":[{"count":0,"href":"https:\/\/stoic-curie.212-227-153-4.plesk.page\/de\/wp-json\/wp\/v2\/product\/3412236\/revisions"}],"wp:featuredmedia":[{"embeddable":true,"href":"https:\/\/stoic-curie.212-227-153-4.plesk.page\/de\/wp-json\/wp\/v2\/media\/5940890"}],"wp:attachment":[{"href":"https:\/\/stoic-curie.212-227-153-4.plesk.page\/de\/wp-json\/wp\/v2\/media?parent=3412236"}],"wp:term":[{"taxonomy":"product_brand","embeddable":true,"href":"https:\/\/stoic-curie.212-227-153-4.plesk.page\/de\/wp-json\/wp\/v2\/product_brand?post=3412236"},{"taxonomy":"product_cat","embeddable":true,"href":"https:\/\/stoic-curie.212-227-153-4.plesk.page\/de\/wp-json\/wp\/v2\/product_cat?post=3412236"},{"taxonomy":"product_tag","embeddable":true,"href":"https:\/\/stoic-curie.212-227-153-4.plesk.page\/de\/wp-json\/wp\/v2\/product_tag?post=3412236"}],"curies":[{"name":"wp","href":"https:\/\/api.w.org\/{rel}","templated":true}]}}