{"id":3412262,"date":"2025-10-09T22:45:19","date_gmt":"2025-10-10T02:45:19","guid":{"rendered":"https:\/\/stoic-curie.212-227-153-4.plesk.page\/product\/waescheklammern-speziell-fuer-den-gebrauch-auf-booten-12-stueck\/"},"modified":"2026-02-24T23:34:55","modified_gmt":"2026-02-24T23:34:55","slug":"waescheklammern-speziell-fuer-den-gebrauch-auf-booten-12-stueck","status":"publish","type":"product","link":"https:\/\/stoic-curie.212-227-153-4.plesk.page\/de\/product\/waescheklammern-speziell-fuer-den-gebrauch-auf-booten-12-stueck\/","title":{"rendered":"W\u00e4scheklammern, speziell f\u00fcr den Gebrauch auf Booten (12 St\u00fcck)"},"content":{"rendered":"<p>W\u00e4scheklammern, speziell f\u00fcr den Gebrauch auf Booten (12 St\u00fcck) &#8211; <\/p>\n<p>Kleiderklammer, die f\u00fcr den Einsatz auf Booten entwickelt wurden, aus sonnen- und salzwasserbest\u00e4ndigen Materialien. Edelstahlfeder, UV-best\u00e4ndiger Nylonk\u00f6rper. Kann an Gel\u00e4ndern von 22 bis 26 mm und f\u00fcr Leinen von 5 bis 7 mm verwendet werden. Hinterl\u00e4sst keine Spuren auf der Kleidung. Packung mit 12 St\u00fcck.<\/p>\n","protected":false},"excerpt":{"rendered":"<p>W\u00e4scheklammern, speziell f\u00fcr den Gebrauch auf Booten (12 St\u00fcck) &#8211; Kleiderklammer, die f\u00fcr den Einsatz auf Booten entwickelt wurden, aus<\/p>\n","protected":false},"featured_media":5940897,"comment_status":"closed","ping_status":"closed","template":"","meta":[],"product_brand":[3110],"product_cat":[1357],"product_tag":[],"class_list":{"0":"post-3412262","1":"product","2":"type-product","3":"status-publish","4":"has-post-thumbnail","6":"product_brand-marine-business-mb-de","7":"product_cat-aufbewahrungszubehoer","9":"first","10":"instock","11":"shipping-taxable","12":"purchasable","13":"product-type-simple"},"_links":{"self":[{"href":"https:\/\/stoic-curie.212-227-153-4.plesk.page\/de\/wp-json\/wp\/v2\/product\/3412262","targetHints":{"allow":["GET"]}}],"collection":[{"href":"https:\/\/stoic-curie.212-227-153-4.plesk.page\/de\/wp-json\/wp\/v2\/product"}],"about":[{"href":"https:\/\/stoic-curie.212-227-153-4.plesk.page\/de\/wp-json\/wp\/v2\/types\/product"}],"replies":[{"embeddable":true,"href":"https:\/\/stoic-curie.212-227-153-4.plesk.page\/de\/wp-json\/wp\/v2\/comments?post=3412262"}],"version-history":[{"count":0,"href":"https:\/\/stoic-curie.212-227-153-4.plesk.page\/de\/wp-json\/wp\/v2\/product\/3412262\/revisions"}],"wp:featuredmedia":[{"embeddable":true,"href":"https:\/\/stoic-curie.212-227-153-4.plesk.page\/de\/wp-json\/wp\/v2\/media\/5940897"}],"wp:attachment":[{"href":"https:\/\/stoic-curie.212-227-153-4.plesk.page\/de\/wp-json\/wp\/v2\/media?parent=3412262"}],"wp:term":[{"taxonomy":"product_brand","embeddable":true,"href":"https:\/\/stoic-curie.212-227-153-4.plesk.page\/de\/wp-json\/wp\/v2\/product_brand?post=3412262"},{"taxonomy":"product_cat","embeddable":true,"href":"https:\/\/stoic-curie.212-227-153-4.plesk.page\/de\/wp-json\/wp\/v2\/product_cat?post=3412262"},{"taxonomy":"product_tag","embeddable":true,"href":"https:\/\/stoic-curie.212-227-153-4.plesk.page\/de\/wp-json\/wp\/v2\/product_tag?post=3412262"}],"curies":[{"name":"wp","href":"https:\/\/api.w.org\/{rel}","templated":true}]}}