{"id":3412270,"date":"2025-10-09T22:45:19","date_gmt":"2025-10-10T02:45:19","guid":{"rendered":"https:\/\/stoic-curie.212-227-153-4.plesk.page\/product\/windeabdeckung-soft-h18-x-17cm-marineblau\/"},"modified":"2026-02-24T23:34:55","modified_gmt":"2026-02-24T23:34:55","slug":"windeabdeckung-soft-h18-x-17cm-marineblau","status":"publish","type":"product","link":"https:\/\/stoic-curie.212-227-153-4.plesk.page\/de\/product\/windeabdeckung-soft-h18-x-17cm-marineblau\/","title":{"rendered":"Windeabdeckung Soft H18 x 17cm &#8211; Marineblau"},"content":{"rendered":"<p>Windeabdeckung Soft H18 x 17cm &#8211; Marineblau &#8211; <\/p>\n<p>Hochwertige, gef\u00fctterte und weiche Acryl-Canvas-Windenabdeckungen. Widerstandsf\u00e4hig gegen UV-Strahlen und Salzwasser. Farben und Merkmale bleiben unver\u00e4ndert. Sch\u00fctzt die Winde, indem sie sie atmen l\u00e4sst, ohne Kondensation zu erzeugen.<\/p>\n","protected":false},"excerpt":{"rendered":"<p>Windeabdeckung Soft H18 x 17cm &#8211; Marineblau &#8211; Hochwertige, gef\u00fctterte und weiche Acryl-Canvas-Windenabdeckungen. Widerstandsf\u00e4hig gegen UV-Strahlen und Salzwasser. Farben und<\/p>\n","protected":false},"featured_media":5940901,"comment_status":"closed","ping_status":"closed","template":"","meta":[],"product_brand":[2935],"product_cat":[1479,1486],"product_tag":[],"class_list":{"0":"post-3412270","1":"product","2":"type-product","3":"status-publish","4":"has-post-thumbnail","6":"product_brand-fendress-de","7":"product_cat-abdeckungen-und-schutzhuellen","8":"product_cat-antal-winden","10":"first","11":"instock","12":"shipping-taxable","13":"purchasable","14":"product-type-simple"},"_links":{"self":[{"href":"https:\/\/stoic-curie.212-227-153-4.plesk.page\/de\/wp-json\/wp\/v2\/product\/3412270","targetHints":{"allow":["GET"]}}],"collection":[{"href":"https:\/\/stoic-curie.212-227-153-4.plesk.page\/de\/wp-json\/wp\/v2\/product"}],"about":[{"href":"https:\/\/stoic-curie.212-227-153-4.plesk.page\/de\/wp-json\/wp\/v2\/types\/product"}],"replies":[{"embeddable":true,"href":"https:\/\/stoic-curie.212-227-153-4.plesk.page\/de\/wp-json\/wp\/v2\/comments?post=3412270"}],"version-history":[{"count":0,"href":"https:\/\/stoic-curie.212-227-153-4.plesk.page\/de\/wp-json\/wp\/v2\/product\/3412270\/revisions"}],"wp:featuredmedia":[{"embeddable":true,"href":"https:\/\/stoic-curie.212-227-153-4.plesk.page\/de\/wp-json\/wp\/v2\/media\/5940901"}],"wp:attachment":[{"href":"https:\/\/stoic-curie.212-227-153-4.plesk.page\/de\/wp-json\/wp\/v2\/media?parent=3412270"}],"wp:term":[{"taxonomy":"product_brand","embeddable":true,"href":"https:\/\/stoic-curie.212-227-153-4.plesk.page\/de\/wp-json\/wp\/v2\/product_brand?post=3412270"},{"taxonomy":"product_cat","embeddable":true,"href":"https:\/\/stoic-curie.212-227-153-4.plesk.page\/de\/wp-json\/wp\/v2\/product_cat?post=3412270"},{"taxonomy":"product_tag","embeddable":true,"href":"https:\/\/stoic-curie.212-227-153-4.plesk.page\/de\/wp-json\/wp\/v2\/product_tag?post=3412270"}],"curies":[{"name":"wp","href":"https:\/\/api.w.org\/{rel}","templated":true}]}}