{"id":3412567,"date":"2025-10-09T22:45:28","date_gmt":"2025-10-10T02:45:28","guid":{"rendered":"https:\/\/stoic-curie.212-227-153-4.plesk.page\/product\/fendress-seilabdeckung-sand-50-cm\/"},"modified":"2026-02-24T23:34:55","modified_gmt":"2026-02-24T23:34:55","slug":"fendress-seilabdeckung-sand-50-cm","status":"publish","type":"product","link":"https:\/\/stoic-curie.212-227-153-4.plesk.page\/de\/product\/fendress-seilabdeckung-sand-50-cm\/","title":{"rendered":"Fendress Seilabdeckung Sand 50 cm"},"content":{"rendered":"<p>Fendress Seilabdeckung Sand 50 cm &#8211; <\/p>\n<p>Universell (von 14 bis 32 mm) UV-best\u00e4ndige und langlebige Acryl-Vertauungslinie Schutz. Hergestellt aus demselben Material, das f\u00fcr die weichen und robusten Fendress Fenderbez\u00fcge verwendet wird. Sch\u00fctzt die Seile vor Abrieb und Witterungseinfl\u00fcssen und passt zu den gleichen Farben wie die Fenderbez\u00fcge. Robuste, einfach zu montierende Velcro-Verschluss.<\/p>\n","protected":false},"excerpt":{"rendered":"<p>Fendress Seilabdeckung Sand 50 cm &#8211; Universell (von 14 bis 32 mm) UV-best\u00e4ndige und langlebige Acryl-Vertauungslinie Schutz. Hergestellt aus demselben<\/p>\n","protected":false},"featured_media":5940914,"comment_status":"closed","ping_status":"closed","template":"","meta":[],"product_brand":[2935],"product_cat":[1335,1326],"product_tag":[],"class_list":{"0":"post-3412567","1":"product","2":"type-product","3":"status-publish","4":"has-post-thumbnail","6":"product_brand-fendress-de","7":"product_cat-anlege-und-festmacherleinen","8":"product_cat-splicing-werkzeuge","10":"first","11":"instock","12":"shipping-taxable","13":"purchasable","14":"product-type-simple"},"_links":{"self":[{"href":"https:\/\/stoic-curie.212-227-153-4.plesk.page\/de\/wp-json\/wp\/v2\/product\/3412567","targetHints":{"allow":["GET"]}}],"collection":[{"href":"https:\/\/stoic-curie.212-227-153-4.plesk.page\/de\/wp-json\/wp\/v2\/product"}],"about":[{"href":"https:\/\/stoic-curie.212-227-153-4.plesk.page\/de\/wp-json\/wp\/v2\/types\/product"}],"replies":[{"embeddable":true,"href":"https:\/\/stoic-curie.212-227-153-4.plesk.page\/de\/wp-json\/wp\/v2\/comments?post=3412567"}],"version-history":[{"count":0,"href":"https:\/\/stoic-curie.212-227-153-4.plesk.page\/de\/wp-json\/wp\/v2\/product\/3412567\/revisions"}],"wp:featuredmedia":[{"embeddable":true,"href":"https:\/\/stoic-curie.212-227-153-4.plesk.page\/de\/wp-json\/wp\/v2\/media\/5940914"}],"wp:attachment":[{"href":"https:\/\/stoic-curie.212-227-153-4.plesk.page\/de\/wp-json\/wp\/v2\/media?parent=3412567"}],"wp:term":[{"taxonomy":"product_brand","embeddable":true,"href":"https:\/\/stoic-curie.212-227-153-4.plesk.page\/de\/wp-json\/wp\/v2\/product_brand?post=3412567"},{"taxonomy":"product_cat","embeddable":true,"href":"https:\/\/stoic-curie.212-227-153-4.plesk.page\/de\/wp-json\/wp\/v2\/product_cat?post=3412567"},{"taxonomy":"product_tag","embeddable":true,"href":"https:\/\/stoic-curie.212-227-153-4.plesk.page\/de\/wp-json\/wp\/v2\/product_tag?post=3412567"}],"curies":[{"name":"wp","href":"https:\/\/api.w.org\/{rel}","templated":true}]}}