{"id":3412678,"date":"2025-10-09T22:45:31","date_gmt":"2025-10-10T02:45:31","guid":{"rendered":"https:\/\/stoic-curie.212-227-153-4.plesk.page\/product\/polnische-spruehpolitur-iosso-750-ml-fuer-metalloberflaechen\/"},"modified":"2026-02-24T23:34:55","modified_gmt":"2026-02-24T23:34:55","slug":"polnische-spruehpolitur-iosso-750-ml-fuer-metalloberflaechen","status":"publish","type":"product","link":"https:\/\/stoic-curie.212-227-153-4.plesk.page\/de\/product\/polnische-spruehpolitur-iosso-750-ml-fuer-metalloberflaechen\/","title":{"rendered":"Polnische Spr\u00fchpolitur Iosso 750 ml f\u00fcr Metalloberfl\u00e4chen"},"content":{"rendered":"<p>Polnische Spr\u00fchpolitur Iosso 750 ml f\u00fcr Metalloberfl\u00e4chen &#8211; <\/p>\n<p>Iosso ist ein leistungsstarker Metallpolierer und universeller Entkalker f\u00fcr harte Oberfl\u00e4chen wie Edelstahl, Messing, verchromtes Messing, Kunststoffe, Glas, Duschen und Badewannen. Er entfernt schnell alle Ablagerungen wie Rost oder hartn\u00e4ckigen Schmutz.<\/p>\n","protected":false},"excerpt":{"rendered":"<p>Polnische Spr\u00fchpolitur Iosso 750 ml f\u00fcr Metalloberfl\u00e4chen &#8211; Iosso ist ein leistungsstarker Metallpolierer und universeller Entkalker f\u00fcr harte Oberfl\u00e4chen wie<\/p>\n","protected":false},"featured_media":5941020,"comment_status":"closed","ping_status":"closed","template":"","meta":[],"product_brand":[3020],"product_cat":[1341,1339],"product_tag":[],"class_list":{"0":"post-3412678","1":"product","2":"type-product","3":"status-publish","4":"has-post-thumbnail","6":"product_brand-iosso-de","7":"product_cat-produkte-zur-reinigung","8":"product_cat-produkte-zur-wartung","10":"first","11":"instock","12":"shipping-taxable","13":"purchasable","14":"product-type-simple"},"_links":{"self":[{"href":"https:\/\/stoic-curie.212-227-153-4.plesk.page\/de\/wp-json\/wp\/v2\/product\/3412678","targetHints":{"allow":["GET"]}}],"collection":[{"href":"https:\/\/stoic-curie.212-227-153-4.plesk.page\/de\/wp-json\/wp\/v2\/product"}],"about":[{"href":"https:\/\/stoic-curie.212-227-153-4.plesk.page\/de\/wp-json\/wp\/v2\/types\/product"}],"replies":[{"embeddable":true,"href":"https:\/\/stoic-curie.212-227-153-4.plesk.page\/de\/wp-json\/wp\/v2\/comments?post=3412678"}],"version-history":[{"count":0,"href":"https:\/\/stoic-curie.212-227-153-4.plesk.page\/de\/wp-json\/wp\/v2\/product\/3412678\/revisions"}],"wp:featuredmedia":[{"embeddable":true,"href":"https:\/\/stoic-curie.212-227-153-4.plesk.page\/de\/wp-json\/wp\/v2\/media\/5941020"}],"wp:attachment":[{"href":"https:\/\/stoic-curie.212-227-153-4.plesk.page\/de\/wp-json\/wp\/v2\/media?parent=3412678"}],"wp:term":[{"taxonomy":"product_brand","embeddable":true,"href":"https:\/\/stoic-curie.212-227-153-4.plesk.page\/de\/wp-json\/wp\/v2\/product_brand?post=3412678"},{"taxonomy":"product_cat","embeddable":true,"href":"https:\/\/stoic-curie.212-227-153-4.plesk.page\/de\/wp-json\/wp\/v2\/product_cat?post=3412678"},{"taxonomy":"product_tag","embeddable":true,"href":"https:\/\/stoic-curie.212-227-153-4.plesk.page\/de\/wp-json\/wp\/v2\/product_tag?post=3412678"}],"curies":[{"name":"wp","href":"https:\/\/api.w.org\/{rel}","templated":true}]}}