{"id":3412686,"date":"2025-10-09T22:45:31","date_gmt":"2025-10-10T02:45:31","guid":{"rendered":"https:\/\/stoic-curie.212-227-153-4.plesk.page\/product\/iosso-hochwertiges-schmieroel-50-ml\/"},"modified":"2026-02-24T23:34:55","modified_gmt":"2026-02-24T23:34:55","slug":"iosso-hochwertiges-schmieroel-50-ml","status":"publish","type":"product","link":"https:\/\/stoic-curie.212-227-153-4.plesk.page\/de\/product\/iosso-hochwertiges-schmieroel-50-ml\/","title":{"rendered":"Iosso hochwertiges Schmier\u00f6l 50 ml"},"content":{"rendered":"<p>Iosso hochwertiges Schmier\u00f6l 50 ml &#8211; <\/p>\n<p>Spezielles Schmiermittel, das vor Korrosion sch\u00fctzt, gegen Wasserabwasch resistent ist und alle Mechanismen mit au\u00dfergew\u00f6hnlicher Haltbarkeit schmiert.<\/p>\n","protected":false},"excerpt":{"rendered":"<p>Iosso hochwertiges Schmier\u00f6l 50 ml &#8211; Spezielles Schmiermittel, das vor Korrosion sch\u00fctzt, gegen Wasserabwasch resistent ist und alle Mechanismen mit<\/p>\n","protected":false},"featured_media":5941021,"comment_status":"closed","ping_status":"closed","template":"","meta":[],"product_brand":[3020],"product_cat":[1486,1508,1339,1472],"product_tag":[],"class_list":{"0":"post-3412686","1":"product","2":"type-product","3":"status-publish","4":"has-post-thumbnail","6":"product_brand-iosso-de","7":"product_cat-antal-winden","8":"product_cat-marine-schmierstoffe","9":"product_cat-produkte-zur-wartung","10":"product_cat-segelbootsysteme-fuer-genua-schlitten","12":"first","13":"instock","14":"shipping-taxable","15":"purchasable","16":"product-type-simple"},"_links":{"self":[{"href":"https:\/\/stoic-curie.212-227-153-4.plesk.page\/de\/wp-json\/wp\/v2\/product\/3412686","targetHints":{"allow":["GET"]}}],"collection":[{"href":"https:\/\/stoic-curie.212-227-153-4.plesk.page\/de\/wp-json\/wp\/v2\/product"}],"about":[{"href":"https:\/\/stoic-curie.212-227-153-4.plesk.page\/de\/wp-json\/wp\/v2\/types\/product"}],"replies":[{"embeddable":true,"href":"https:\/\/stoic-curie.212-227-153-4.plesk.page\/de\/wp-json\/wp\/v2\/comments?post=3412686"}],"version-history":[{"count":0,"href":"https:\/\/stoic-curie.212-227-153-4.plesk.page\/de\/wp-json\/wp\/v2\/product\/3412686\/revisions"}],"wp:featuredmedia":[{"embeddable":true,"href":"https:\/\/stoic-curie.212-227-153-4.plesk.page\/de\/wp-json\/wp\/v2\/media\/5941021"}],"wp:attachment":[{"href":"https:\/\/stoic-curie.212-227-153-4.plesk.page\/de\/wp-json\/wp\/v2\/media?parent=3412686"}],"wp:term":[{"taxonomy":"product_brand","embeddable":true,"href":"https:\/\/stoic-curie.212-227-153-4.plesk.page\/de\/wp-json\/wp\/v2\/product_brand?post=3412686"},{"taxonomy":"product_cat","embeddable":true,"href":"https:\/\/stoic-curie.212-227-153-4.plesk.page\/de\/wp-json\/wp\/v2\/product_cat?post=3412686"},{"taxonomy":"product_tag","embeddable":true,"href":"https:\/\/stoic-curie.212-227-153-4.plesk.page\/de\/wp-json\/wp\/v2\/product_tag?post=3412686"}],"curies":[{"name":"wp","href":"https:\/\/api.w.org\/{rel}","templated":true}]}}