{"id":3412702,"date":"2025-10-09T22:45:32","date_gmt":"2025-10-10T02:45:32","guid":{"rendered":"https:\/\/stoic-curie.212-227-153-4.plesk.page\/product\/edelstahl-universal-scheibenwischerblaetter-mit-j-haken-verbindung-400-mm\/"},"modified":"2026-02-24T23:34:55","modified_gmt":"2026-02-24T23:34:55","slug":"edelstahl-universal-scheibenwischerblaetter-mit-j-haken-verbindung-400-mm","status":"publish","type":"product","link":"https:\/\/stoic-curie.212-227-153-4.plesk.page\/de\/product\/edelstahl-universal-scheibenwischerblaetter-mit-j-haken-verbindung-400-mm\/","title":{"rendered":"Edelstahl-Universal-Scheibenwischerbl\u00e4tter mit J-Haken-Verbindung 400 mm"},"content":{"rendered":"<p>Edelstahl-Universal-Scheibenwischerbl\u00e4tter mit J-Haken-Verbindung 400 mm &#8211; <\/p>\n<p>Hochwertige Edelstahlklingen. Nat\u00fcrliche Gummieinlage. Ausgestattet mit einer universellen Halterung f\u00fcr sowohl gerade als auch J-Hook-Verbindungen.<\/p>\n","protected":false},"excerpt":{"rendered":"<p>Edelstahl-Universal-Scheibenwischerbl\u00e4tter mit J-Haken-Verbindung 400 mm &#8211; Hochwertige Edelstahlklingen. Nat\u00fcrliche Gummieinlage. Ausgestattet mit einer universellen Halterung f\u00fcr sowohl gerade als auch<\/p>\n","protected":false},"featured_media":5941034,"comment_status":"closed","ping_status":"closed","template":"","meta":[],"product_brand":[3315],"product_cat":[1448],"product_tag":[],"class_list":{"0":"post-3412702","1":"product","2":"type-product","3":"status-publish","4":"has-post-thumbnail","6":"product_brand-roca-marine-de","7":"product_cat-scheibenwischer","9":"first","10":"instock","11":"shipping-taxable","12":"purchasable","13":"product-type-simple"},"_links":{"self":[{"href":"https:\/\/stoic-curie.212-227-153-4.plesk.page\/de\/wp-json\/wp\/v2\/product\/3412702","targetHints":{"allow":["GET"]}}],"collection":[{"href":"https:\/\/stoic-curie.212-227-153-4.plesk.page\/de\/wp-json\/wp\/v2\/product"}],"about":[{"href":"https:\/\/stoic-curie.212-227-153-4.plesk.page\/de\/wp-json\/wp\/v2\/types\/product"}],"replies":[{"embeddable":true,"href":"https:\/\/stoic-curie.212-227-153-4.plesk.page\/de\/wp-json\/wp\/v2\/comments?post=3412702"}],"version-history":[{"count":0,"href":"https:\/\/stoic-curie.212-227-153-4.plesk.page\/de\/wp-json\/wp\/v2\/product\/3412702\/revisions"}],"wp:featuredmedia":[{"embeddable":true,"href":"https:\/\/stoic-curie.212-227-153-4.plesk.page\/de\/wp-json\/wp\/v2\/media\/5941034"}],"wp:attachment":[{"href":"https:\/\/stoic-curie.212-227-153-4.plesk.page\/de\/wp-json\/wp\/v2\/media?parent=3412702"}],"wp:term":[{"taxonomy":"product_brand","embeddable":true,"href":"https:\/\/stoic-curie.212-227-153-4.plesk.page\/de\/wp-json\/wp\/v2\/product_brand?post=3412702"},{"taxonomy":"product_cat","embeddable":true,"href":"https:\/\/stoic-curie.212-227-153-4.plesk.page\/de\/wp-json\/wp\/v2\/product_cat?post=3412702"},{"taxonomy":"product_tag","embeddable":true,"href":"https:\/\/stoic-curie.212-227-153-4.plesk.page\/de\/wp-json\/wp\/v2\/product_tag?post=3412702"}],"curies":[{"name":"wp","href":"https:\/\/api.w.org\/{rel}","templated":true}]}}