{"id":3412710,"date":"2025-10-09T22:45:32","date_gmt":"2025-10-10T02:45:32","guid":{"rendered":"https:\/\/stoic-curie.212-227-153-4.plesk.page\/product\/edelstahl-universal-scheibenwischerblaetter-mit-j-haken-verbindung-500-mm\/"},"modified":"2026-02-24T23:34:55","modified_gmt":"2026-02-24T23:34:55","slug":"edelstahl-universal-scheibenwischerblaetter-mit-j-haken-verbindung-500-mm","status":"publish","type":"product","link":"https:\/\/stoic-curie.212-227-153-4.plesk.page\/de\/product\/edelstahl-universal-scheibenwischerblaetter-mit-j-haken-verbindung-500-mm\/","title":{"rendered":"Edelstahl-Universal-Scheibenwischerbl\u00e4tter mit J-Haken-Verbindung 500 mm"},"content":{"rendered":"<p>Edelstahl-Universal-Scheibenwischerbl\u00e4tter mit J-Haken-Verbindung 500 mm &#8211; <\/p>\n<p>W40 HD Wischer f\u00fcr mittelgro\u00dfe bis gro\u00dfe Boote. 35 Nm wasserdichter Motor mit 2 Geschwindigkeiten (langsam 30 Wischvorg\u00e4nge\/Minute und schnell 45 Wischvorg\u00e4nge\/Minute), Wischwinkel 70\u00b0 und automatische Links-Selbstparkfunktion. Offen gestalteter Mechanismus f\u00fcr eine einfache Schmierung. 60 mm effektive Gewindewellenl\u00e4nge mit konischer gerippter Anschlussspannweite von 9-7 mm. Abgerundet mit einem Pantographen-Wischerarm und einer Klinge aus Edelstahl.<\/p>\n","protected":false},"excerpt":{"rendered":"<p>Edelstahl-Universal-Scheibenwischerbl\u00e4tter mit J-Haken-Verbindung 500 mm &#8211; W40 HD Wischer f\u00fcr mittelgro\u00dfe bis gro\u00dfe Boote. 35 Nm wasserdichter Motor mit 2<\/p>\n","protected":false},"featured_media":5941034,"comment_status":"closed","ping_status":"closed","template":"","meta":[],"product_brand":[3315],"product_cat":[1448],"product_tag":[],"class_list":{"0":"post-3412710","1":"product","2":"type-product","3":"status-publish","4":"has-post-thumbnail","6":"product_brand-roca-marine-de","7":"product_cat-scheibenwischer","9":"first","10":"instock","11":"shipping-taxable","12":"purchasable","13":"product-type-simple"},"_links":{"self":[{"href":"https:\/\/stoic-curie.212-227-153-4.plesk.page\/de\/wp-json\/wp\/v2\/product\/3412710","targetHints":{"allow":["GET"]}}],"collection":[{"href":"https:\/\/stoic-curie.212-227-153-4.plesk.page\/de\/wp-json\/wp\/v2\/product"}],"about":[{"href":"https:\/\/stoic-curie.212-227-153-4.plesk.page\/de\/wp-json\/wp\/v2\/types\/product"}],"replies":[{"embeddable":true,"href":"https:\/\/stoic-curie.212-227-153-4.plesk.page\/de\/wp-json\/wp\/v2\/comments?post=3412710"}],"version-history":[{"count":0,"href":"https:\/\/stoic-curie.212-227-153-4.plesk.page\/de\/wp-json\/wp\/v2\/product\/3412710\/revisions"}],"wp:featuredmedia":[{"embeddable":true,"href":"https:\/\/stoic-curie.212-227-153-4.plesk.page\/de\/wp-json\/wp\/v2\/media\/5941034"}],"wp:attachment":[{"href":"https:\/\/stoic-curie.212-227-153-4.plesk.page\/de\/wp-json\/wp\/v2\/media?parent=3412710"}],"wp:term":[{"taxonomy":"product_brand","embeddable":true,"href":"https:\/\/stoic-curie.212-227-153-4.plesk.page\/de\/wp-json\/wp\/v2\/product_brand?post=3412710"},{"taxonomy":"product_cat","embeddable":true,"href":"https:\/\/stoic-curie.212-227-153-4.plesk.page\/de\/wp-json\/wp\/v2\/product_cat?post=3412710"},{"taxonomy":"product_tag","embeddable":true,"href":"https:\/\/stoic-curie.212-227-153-4.plesk.page\/de\/wp-json\/wp\/v2\/product_tag?post=3412710"}],"curies":[{"name":"wp","href":"https:\/\/api.w.org\/{rel}","templated":true}]}}