{"id":3412742,"date":"2025-10-09T22:45:33","date_gmt":"2025-10-10T02:45:33","guid":{"rendered":"https:\/\/stoic-curie.212-227-153-4.plesk.page\/product\/edelstahl-wischerblatt-fuer-mtm-w70hd-600-mm\/"},"modified":"2026-02-24T23:34:55","modified_gmt":"2026-02-24T23:34:55","slug":"edelstahl-wischerblatt-fuer-mtm-w70hd-600-mm","status":"publish","type":"product","link":"https:\/\/stoic-curie.212-227-153-4.plesk.page\/de\/product\/edelstahl-wischerblatt-fuer-mtm-w70hd-600-mm\/","title":{"rendered":"Edelstahl-Wischerblatt f\u00fcr MTM W70HD 600 mm"},"content":{"rendered":"<p>Edelstahl-Wischerblatt f\u00fcr MTM W70HD 600 mm &#8211; <\/p>\n<p>W70 HD Scheibenwischer f\u00fcr gro\u00dfe Boote. Wasserdichter Motor mit einem Drehmoment von bis zu 35 Nm. Wischwinkel 70\u00b0. Automatische Selbstparkfunktion nach links. 2 Geschwindigkeiten: Langsam 30 Wischvorg\u00e4nge\/min und Schnell 45 Wischvorg\u00e4nge\/min. Boxmechanismus f\u00fcr einfache Schmierung. 60 mm effektive Gewindewellenl\u00e4nge. 60 mm Wellenachse.<\/p>\n","protected":false},"excerpt":{"rendered":"<p>Edelstahl-Wischerblatt f\u00fcr MTM W70HD 600 mm &#8211; W70 HD Scheibenwischer f\u00fcr gro\u00dfe Boote. Wasserdichter Motor mit einem Drehmoment von bis<\/p>\n","protected":false},"featured_media":5941039,"comment_status":"closed","ping_status":"closed","template":"","meta":[],"product_brand":[3235],"product_cat":[1448],"product_tag":[],"class_list":{"0":"post-3412742","1":"product","2":"type-product","3":"status-publish","4":"has-post-thumbnail","6":"product_brand-osculati-de","7":"product_cat-scheibenwischer","9":"first","10":"instock","11":"shipping-taxable","12":"purchasable","13":"product-type-simple"},"_links":{"self":[{"href":"https:\/\/stoic-curie.212-227-153-4.plesk.page\/de\/wp-json\/wp\/v2\/product\/3412742","targetHints":{"allow":["GET"]}}],"collection":[{"href":"https:\/\/stoic-curie.212-227-153-4.plesk.page\/de\/wp-json\/wp\/v2\/product"}],"about":[{"href":"https:\/\/stoic-curie.212-227-153-4.plesk.page\/de\/wp-json\/wp\/v2\/types\/product"}],"replies":[{"embeddable":true,"href":"https:\/\/stoic-curie.212-227-153-4.plesk.page\/de\/wp-json\/wp\/v2\/comments?post=3412742"}],"version-history":[{"count":0,"href":"https:\/\/stoic-curie.212-227-153-4.plesk.page\/de\/wp-json\/wp\/v2\/product\/3412742\/revisions"}],"wp:featuredmedia":[{"embeddable":true,"href":"https:\/\/stoic-curie.212-227-153-4.plesk.page\/de\/wp-json\/wp\/v2\/media\/5941039"}],"wp:attachment":[{"href":"https:\/\/stoic-curie.212-227-153-4.plesk.page\/de\/wp-json\/wp\/v2\/media?parent=3412742"}],"wp:term":[{"taxonomy":"product_brand","embeddable":true,"href":"https:\/\/stoic-curie.212-227-153-4.plesk.page\/de\/wp-json\/wp\/v2\/product_brand?post=3412742"},{"taxonomy":"product_cat","embeddable":true,"href":"https:\/\/stoic-curie.212-227-153-4.plesk.page\/de\/wp-json\/wp\/v2\/product_cat?post=3412742"},{"taxonomy":"product_tag","embeddable":true,"href":"https:\/\/stoic-curie.212-227-153-4.plesk.page\/de\/wp-json\/wp\/v2\/product_tag?post=3412742"}],"curies":[{"name":"wp","href":"https:\/\/api.w.org\/{rel}","templated":true}]}}