{"id":3412782,"date":"2025-10-09T22:45:34","date_gmt":"2025-10-10T02:45:34","guid":{"rendered":"https:\/\/stoic-curie.212-227-153-4.plesk.page\/product\/batterieschalter-cole-hersee-300a\/"},"modified":"2026-02-24T23:34:55","modified_gmt":"2026-02-24T23:34:55","slug":"batterieschalter-cole-hersee-300a","status":"publish","type":"product","link":"https:\/\/stoic-curie.212-227-153-4.plesk.page\/de\/product\/batterieschalter-cole-hersee-300a\/","title":{"rendered":"Batterieschalter Cole Hersee 300A"},"content":{"rendered":"<p>Batterieschalter Cole Hersee 300A &#8211; <\/p>\n<p>&#8220;Cole Hersee&#8221; Typ gro\u00dfer Kapazit\u00e4ts-Batteriewahlschalter. Erm\u00f6glicht die Isolierung der Batterie, die Auswahl eines von zwei Batterien oder die gleichzeitige Auswahl beider Batterien.<\/p>\n","protected":false},"excerpt":{"rendered":"<p>Batterieschalter Cole Hersee 300A &#8211; &#8220;Cole Hersee&#8221; Typ gro\u00dfer Kapazit\u00e4ts-Batteriewahlschalter. Erm\u00f6glicht die Isolierung der Batterie, die Auswahl eines von zwei<\/p>\n","protected":false},"featured_media":5941056,"comment_status":"closed","ping_status":"closed","template":"","meta":[],"product_brand":[2830],"product_cat":[1458],"product_tag":[],"class_list":{"0":"post-3412782","1":"product","2":"type-product","3":"status-publish","4":"has-post-thumbnail","6":"product_brand-blue-sea-systems-de","7":"product_cat-batterieschalter","9":"first","10":"instock","11":"shipping-taxable","12":"purchasable","13":"product-type-simple"},"_links":{"self":[{"href":"https:\/\/stoic-curie.212-227-153-4.plesk.page\/de\/wp-json\/wp\/v2\/product\/3412782","targetHints":{"allow":["GET"]}}],"collection":[{"href":"https:\/\/stoic-curie.212-227-153-4.plesk.page\/de\/wp-json\/wp\/v2\/product"}],"about":[{"href":"https:\/\/stoic-curie.212-227-153-4.plesk.page\/de\/wp-json\/wp\/v2\/types\/product"}],"replies":[{"embeddable":true,"href":"https:\/\/stoic-curie.212-227-153-4.plesk.page\/de\/wp-json\/wp\/v2\/comments?post=3412782"}],"version-history":[{"count":0,"href":"https:\/\/stoic-curie.212-227-153-4.plesk.page\/de\/wp-json\/wp\/v2\/product\/3412782\/revisions"}],"wp:featuredmedia":[{"embeddable":true,"href":"https:\/\/stoic-curie.212-227-153-4.plesk.page\/de\/wp-json\/wp\/v2\/media\/5941056"}],"wp:attachment":[{"href":"https:\/\/stoic-curie.212-227-153-4.plesk.page\/de\/wp-json\/wp\/v2\/media?parent=3412782"}],"wp:term":[{"taxonomy":"product_brand","embeddable":true,"href":"https:\/\/stoic-curie.212-227-153-4.plesk.page\/de\/wp-json\/wp\/v2\/product_brand?post=3412782"},{"taxonomy":"product_cat","embeddable":true,"href":"https:\/\/stoic-curie.212-227-153-4.plesk.page\/de\/wp-json\/wp\/v2\/product_cat?post=3412782"},{"taxonomy":"product_tag","embeddable":true,"href":"https:\/\/stoic-curie.212-227-153-4.plesk.page\/de\/wp-json\/wp\/v2\/product_tag?post=3412782"}],"curies":[{"name":"wp","href":"https:\/\/api.w.org\/{rel}","templated":true}]}}