{"id":3412931,"date":"2025-10-09T22:45:39","date_gmt":"2025-10-10T02:45:39","guid":{"rendered":"https:\/\/stoic-curie.212-227-153-4.plesk.page\/product\/sport-schwimmweste-reef-iso-en12402-5-55-newton-40-70-kg\/"},"modified":"2026-02-24T23:34:55","modified_gmt":"2026-02-24T23:34:55","slug":"sport-schwimmweste-reef-iso-en12402-5-55-newton-40-70-kg","status":"publish","type":"product","link":"https:\/\/stoic-curie.212-227-153-4.plesk.page\/de\/product\/sport-schwimmweste-reef-iso-en12402-5-55-newton-40-70-kg\/","title":{"rendered":"Sport-Schwimmweste Reef ISO EN12402-5 55 Newton 40-70 kg"},"content":{"rendered":"<p>Sport-Schwimmweste Reef ISO EN12402-5 55 Newton 40-70 kg &#8211; <\/p>\n<p>Die Reef ISO EN12402-5 zugelassene 50N ergonomische und kompakte Schwimmhilfe-Jacke. Empfohlen von den besten Hobby-Katamaran-Meistern. Auch geeignet f\u00fcr Rafting und Wasserski. Das Anpassungssystem besteht aus drei Riemen mit Schnellverschluss. 50N &#8211; Auftriebs- und Schwimmunterst\u00fctzung. Dies ist keine Lebensrettungsweste. F\u00fcr regelm\u00e4\u00dfige Schwimmer. Nur in K\u00fcstenn\u00e4he verwenden.<\/p>\n","protected":false},"excerpt":{"rendered":"<p>Sport-Schwimmweste Reef ISO EN12402-5 55 Newton 40-70 kg &#8211; Die Reef ISO EN12402-5 zugelassene 50N ergonomische und kompakte Schwimmhilfe-Jacke. Empfohlen<\/p>\n","protected":false},"featured_media":5935788,"comment_status":"closed","ping_status":"closed","template":"","meta":[],"product_brand":[3515],"product_cat":[1316,1555],"product_tag":[],"class_list":{"0":"post-3412931","1":"product","2":"type-product","3":"status-publish","4":"has-post-thumbnail","6":"product_brand-veleria-san-giorgio-de","7":"product_cat-auftriebshilfen","8":"product_cat-rettungswesten-fuer-wassersport","10":"first","11":"instock","12":"shipping-taxable","13":"purchasable","14":"product-type-simple"},"_links":{"self":[{"href":"https:\/\/stoic-curie.212-227-153-4.plesk.page\/de\/wp-json\/wp\/v2\/product\/3412931","targetHints":{"allow":["GET"]}}],"collection":[{"href":"https:\/\/stoic-curie.212-227-153-4.plesk.page\/de\/wp-json\/wp\/v2\/product"}],"about":[{"href":"https:\/\/stoic-curie.212-227-153-4.plesk.page\/de\/wp-json\/wp\/v2\/types\/product"}],"replies":[{"embeddable":true,"href":"https:\/\/stoic-curie.212-227-153-4.plesk.page\/de\/wp-json\/wp\/v2\/comments?post=3412931"}],"version-history":[{"count":0,"href":"https:\/\/stoic-curie.212-227-153-4.plesk.page\/de\/wp-json\/wp\/v2\/product\/3412931\/revisions"}],"wp:featuredmedia":[{"embeddable":true,"href":"https:\/\/stoic-curie.212-227-153-4.plesk.page\/de\/wp-json\/wp\/v2\/media\/5935788"}],"wp:attachment":[{"href":"https:\/\/stoic-curie.212-227-153-4.plesk.page\/de\/wp-json\/wp\/v2\/media?parent=3412931"}],"wp:term":[{"taxonomy":"product_brand","embeddable":true,"href":"https:\/\/stoic-curie.212-227-153-4.plesk.page\/de\/wp-json\/wp\/v2\/product_brand?post=3412931"},{"taxonomy":"product_cat","embeddable":true,"href":"https:\/\/stoic-curie.212-227-153-4.plesk.page\/de\/wp-json\/wp\/v2\/product_cat?post=3412931"},{"taxonomy":"product_tag","embeddable":true,"href":"https:\/\/stoic-curie.212-227-153-4.plesk.page\/de\/wp-json\/wp\/v2\/product_tag?post=3412931"}],"curies":[{"name":"wp","href":"https:\/\/api.w.org\/{rel}","templated":true}]}}