{"id":3412941,"date":"2025-10-09T22:45:39","date_gmt":"2025-10-10T02:45:39","guid":{"rendered":"https:\/\/stoic-curie.212-227-153-4.plesk.page\/product\/abdeckung-fuer-aussenbordmotoren-groesse-s-25-x-25-x-h110-cm\/"},"modified":"2026-02-24T23:34:55","modified_gmt":"2026-02-24T23:34:55","slug":"abdeckung-fuer-aussenbordmotoren-groesse-s-25-x-25-x-h110-cm","status":"publish","type":"product","link":"https:\/\/stoic-curie.212-227-153-4.plesk.page\/de\/product\/abdeckung-fuer-aussenbordmotoren-groesse-s-25-x-25-x-h110-cm\/","title":{"rendered":"Abdeckung f\u00fcr Au\u00dfenbordmotoren Gr\u00f6\u00dfe S 25 x 25 x H110 cm"},"content":{"rendered":"<p>Abdeckung f\u00fcr Au\u00dfenbordmotoren Gr\u00f6\u00dfe S 25 x 25 x H110 cm &#8211; <\/p>\n<p>Premium-Qualit\u00e4t Au\u00dfenbordmotorabdeckungen aus 100% wasserdichtem PVC-beschichtetem Stoff. UV-best\u00e4ndig dank der silbernen Farbe, die das Sonnenlicht reflektiert.<\/p>\n","protected":false},"excerpt":{"rendered":"<p>Abdeckung f\u00fcr Au\u00dfenbordmotoren Gr\u00f6\u00dfe S 25 x 25 x H110 cm &#8211; Premium-Qualit\u00e4t Au\u00dfenbordmotorabdeckungen aus 100% wasserdichtem PVC-beschichtetem Stoff. UV-best\u00e4ndig<\/p>\n","protected":false},"featured_media":5941084,"comment_status":"closed","ping_status":"closed","template":"","meta":[],"product_brand":[3235],"product_cat":[1396,1540],"product_tag":[],"class_list":{"0":"post-3412941","1":"product","2":"type-product","3":"status-publish","4":"has-post-thumbnail","6":"product_brand-osculati-de","7":"product_cat-bootabdeckungen","8":"product_cat-zubehoer-fuer-aussenborder","10":"first","11":"instock","12":"shipping-taxable","13":"purchasable","14":"product-type-simple"},"_links":{"self":[{"href":"https:\/\/stoic-curie.212-227-153-4.plesk.page\/de\/wp-json\/wp\/v2\/product\/3412941","targetHints":{"allow":["GET"]}}],"collection":[{"href":"https:\/\/stoic-curie.212-227-153-4.plesk.page\/de\/wp-json\/wp\/v2\/product"}],"about":[{"href":"https:\/\/stoic-curie.212-227-153-4.plesk.page\/de\/wp-json\/wp\/v2\/types\/product"}],"replies":[{"embeddable":true,"href":"https:\/\/stoic-curie.212-227-153-4.plesk.page\/de\/wp-json\/wp\/v2\/comments?post=3412941"}],"version-history":[{"count":0,"href":"https:\/\/stoic-curie.212-227-153-4.plesk.page\/de\/wp-json\/wp\/v2\/product\/3412941\/revisions"}],"wp:featuredmedia":[{"embeddable":true,"href":"https:\/\/stoic-curie.212-227-153-4.plesk.page\/de\/wp-json\/wp\/v2\/media\/5941084"}],"wp:attachment":[{"href":"https:\/\/stoic-curie.212-227-153-4.plesk.page\/de\/wp-json\/wp\/v2\/media?parent=3412941"}],"wp:term":[{"taxonomy":"product_brand","embeddable":true,"href":"https:\/\/stoic-curie.212-227-153-4.plesk.page\/de\/wp-json\/wp\/v2\/product_brand?post=3412941"},{"taxonomy":"product_cat","embeddable":true,"href":"https:\/\/stoic-curie.212-227-153-4.plesk.page\/de\/wp-json\/wp\/v2\/product_cat?post=3412941"},{"taxonomy":"product_tag","embeddable":true,"href":"https:\/\/stoic-curie.212-227-153-4.plesk.page\/de\/wp-json\/wp\/v2\/product_tag?post=3412941"}],"curies":[{"name":"wp","href":"https:\/\/api.w.org\/{rel}","templated":true}]}}