{"id":3413000,"date":"2025-10-09T22:45:41","date_gmt":"2025-10-10T02:45:41","guid":{"rendered":"https:\/\/stoic-curie.212-227-153-4.plesk.page\/product\/universelle-abdeckung-fuer-aussenbordmotoren-55-x-32-x-h42-cm\/"},"modified":"2026-02-24T23:34:55","modified_gmt":"2026-02-24T23:34:55","slug":"universelle-abdeckung-fuer-aussenbordmotoren-55-x-32-x-h42-cm","status":"publish","type":"product","link":"https:\/\/stoic-curie.212-227-153-4.plesk.page\/de\/product\/universelle-abdeckung-fuer-aussenbordmotoren-55-x-32-x-h42-cm\/","title":{"rendered":"Universelle Abdeckung f\u00fcr Au\u00dfenbordmotoren 55 x 32 x H42 cm"},"content":{"rendered":"<p>Universelle Abdeckung f\u00fcr Au\u00dfenbordmotoren 55 x 32 x H42 cm &#8211; <\/p>\n<p>Premium-Qualit\u00e4t Au\u00dfenbordmotorabdeckungen aus 100 % wasserdichtem PVC-beschichtetem Stoff. UV-best\u00e4ndig dank der silbernen Farbe, die das Sonnenlicht reflektiert. Mit innerem elastischen Gurt ausgestattet, um perfekt auf die Form des Au\u00dfenborders zu passen.<\/p>\n","protected":false},"excerpt":{"rendered":"<p>Universelle Abdeckung f\u00fcr Au\u00dfenbordmotoren 55 x 32 x H42 cm &#8211; Premium-Qualit\u00e4t Au\u00dfenbordmotorabdeckungen aus 100 % wasserdichtem PVC-beschichtetem Stoff. UV-best\u00e4ndig<\/p>\n","protected":false},"featured_media":5941091,"comment_status":"closed","ping_status":"closed","template":"","meta":[],"product_brand":[3235],"product_cat":[1396,1540],"product_tag":[],"class_list":{"0":"post-3413000","1":"product","2":"type-product","3":"status-publish","4":"has-post-thumbnail","6":"product_brand-osculati-de","7":"product_cat-bootabdeckungen","8":"product_cat-zubehoer-fuer-aussenborder","10":"first","11":"instock","12":"shipping-taxable","13":"purchasable","14":"product-type-simple"},"_links":{"self":[{"href":"https:\/\/stoic-curie.212-227-153-4.plesk.page\/de\/wp-json\/wp\/v2\/product\/3413000","targetHints":{"allow":["GET"]}}],"collection":[{"href":"https:\/\/stoic-curie.212-227-153-4.plesk.page\/de\/wp-json\/wp\/v2\/product"}],"about":[{"href":"https:\/\/stoic-curie.212-227-153-4.plesk.page\/de\/wp-json\/wp\/v2\/types\/product"}],"replies":[{"embeddable":true,"href":"https:\/\/stoic-curie.212-227-153-4.plesk.page\/de\/wp-json\/wp\/v2\/comments?post=3413000"}],"version-history":[{"count":0,"href":"https:\/\/stoic-curie.212-227-153-4.plesk.page\/de\/wp-json\/wp\/v2\/product\/3413000\/revisions"}],"wp:featuredmedia":[{"embeddable":true,"href":"https:\/\/stoic-curie.212-227-153-4.plesk.page\/de\/wp-json\/wp\/v2\/media\/5941091"}],"wp:attachment":[{"href":"https:\/\/stoic-curie.212-227-153-4.plesk.page\/de\/wp-json\/wp\/v2\/media?parent=3413000"}],"wp:term":[{"taxonomy":"product_brand","embeddable":true,"href":"https:\/\/stoic-curie.212-227-153-4.plesk.page\/de\/wp-json\/wp\/v2\/product_brand?post=3413000"},{"taxonomy":"product_cat","embeddable":true,"href":"https:\/\/stoic-curie.212-227-153-4.plesk.page\/de\/wp-json\/wp\/v2\/product_cat?post=3413000"},{"taxonomy":"product_tag","embeddable":true,"href":"https:\/\/stoic-curie.212-227-153-4.plesk.page\/de\/wp-json\/wp\/v2\/product_tag?post=3413000"}],"curies":[{"name":"wp","href":"https:\/\/api.w.org\/{rel}","templated":true}]}}