{"id":3413133,"date":"2025-10-09T22:45:45","date_gmt":"2025-10-10T02:45:45","guid":{"rendered":"https:\/\/stoic-curie.212-227-153-4.plesk.page\/product\/250-ml-flasche-star-brite-marine-rain-view-reiniger\/"},"modified":"2026-02-24T23:34:55","modified_gmt":"2026-02-24T23:34:55","slug":"250-ml-flasche-star-brite-marine-rain-view-reiniger","status":"publish","type":"product","link":"https:\/\/stoic-curie.212-227-153-4.plesk.page\/de\/product\/250-ml-flasche-star-brite-marine-rain-view-reiniger\/","title":{"rendered":"250 ml Flasche Star Brite Marine Rain View Reiniger"},"content":{"rendered":"<p>250 ml Flasche Star Brite Marine Rain View Reiniger &#8211; <\/p>\n<p>\u00e2\u0080\u00a2 Wird auf Glas verwendet und verbessert die Sicht bei N\u00e4sse durch die Windschutzscheibe und Fenster. \u00e2\u0080\u00a2 Macht die Oberfl\u00e4che so rutschig, dass Regen und Feuchtigkeit f\u00f6rmlich abgleiten. \u00e2\u0080\u00a2 Funktioniert mit oder ohne Scheibenwischer.<\/p>\n","protected":false},"excerpt":{"rendered":"<p>250 ml Flasche Star Brite Marine Rain View Reiniger &#8211; \u00e2\u0080\u00a2 Wird auf Glas verwendet und verbessert die Sicht bei<\/p>\n","protected":false},"featured_media":5941128,"comment_status":"closed","ping_status":"closed","template":"","meta":[],"product_brand":[3435],"product_cat":[1341],"product_tag":[],"class_list":{"0":"post-3413133","1":"product","2":"type-product","3":"status-publish","4":"has-post-thumbnail","6":"product_brand-starbrite-de","7":"product_cat-produkte-zur-reinigung","9":"first","10":"instock","11":"shipping-taxable","12":"purchasable","13":"product-type-simple"},"_links":{"self":[{"href":"https:\/\/stoic-curie.212-227-153-4.plesk.page\/de\/wp-json\/wp\/v2\/product\/3413133","targetHints":{"allow":["GET"]}}],"collection":[{"href":"https:\/\/stoic-curie.212-227-153-4.plesk.page\/de\/wp-json\/wp\/v2\/product"}],"about":[{"href":"https:\/\/stoic-curie.212-227-153-4.plesk.page\/de\/wp-json\/wp\/v2\/types\/product"}],"replies":[{"embeddable":true,"href":"https:\/\/stoic-curie.212-227-153-4.plesk.page\/de\/wp-json\/wp\/v2\/comments?post=3413133"}],"version-history":[{"count":0,"href":"https:\/\/stoic-curie.212-227-153-4.plesk.page\/de\/wp-json\/wp\/v2\/product\/3413133\/revisions"}],"wp:featuredmedia":[{"embeddable":true,"href":"https:\/\/stoic-curie.212-227-153-4.plesk.page\/de\/wp-json\/wp\/v2\/media\/5941128"}],"wp:attachment":[{"href":"https:\/\/stoic-curie.212-227-153-4.plesk.page\/de\/wp-json\/wp\/v2\/media?parent=3413133"}],"wp:term":[{"taxonomy":"product_brand","embeddable":true,"href":"https:\/\/stoic-curie.212-227-153-4.plesk.page\/de\/wp-json\/wp\/v2\/product_brand?post=3413133"},{"taxonomy":"product_cat","embeddable":true,"href":"https:\/\/stoic-curie.212-227-153-4.plesk.page\/de\/wp-json\/wp\/v2\/product_cat?post=3413133"},{"taxonomy":"product_tag","embeddable":true,"href":"https:\/\/stoic-curie.212-227-153-4.plesk.page\/de\/wp-json\/wp\/v2\/product_tag?post=3413133"}],"curies":[{"name":"wp","href":"https:\/\/api.w.org\/{rel}","templated":true}]}}