{"id":3413136,"date":"2025-10-09T22:45:45","date_gmt":"2025-10-10T02:45:45","guid":{"rendered":"https:\/\/stoic-curie.212-227-153-4.plesk.page\/product\/star-brite-vinyl-und-kunststoffschutz-473-ml\/"},"modified":"2026-02-24T23:34:55","modified_gmt":"2026-02-24T23:34:55","slug":"star-brite-vinyl-und-kunststoffschutz-473-ml","status":"publish","type":"product","link":"https:\/\/stoic-curie.212-227-153-4.plesk.page\/de\/product\/star-brite-vinyl-und-kunststoffschutz-473-ml\/","title":{"rendered":"Star Brite Vinyl- und Kunststoffschutz 473 ml"},"content":{"rendered":"<p>Star Brite Vinyl- und Kunststoffschutz 473 ml &#8211; <\/p>\n<p>\u2022 Sch\u00fctzt und befeuchtet Vinyl-, Gummi- und Kunststoffoberfl\u00e4chen<br \/>\u2022 H\u00e4lt neues Vinyl gut aussehend; verleiht altem Vinyl Glanz<br \/>\u2022 Einfach aufspr\u00fchen, \u00dcbersch\u00fcsse abwischen; ideal f\u00fcr Autoinnenr\u00e4ume und Reifen<br \/>\u2022 UV-Filter sch\u00fctzen vor den sch\u00e4dlichen Sonnenstrahlen<br \/>\u2022 Hilft, dass Vinyl nicht bricht, verblasst oder sich verf\u00e4rbt<\/p>\n","protected":false},"excerpt":{"rendered":"<p>Star Brite Vinyl- und Kunststoffschutz 473 ml &#8211; \u2022 Sch\u00fctzt und befeuchtet Vinyl-, Gummi- und Kunststoffoberfl\u00e4chen\u2022 H\u00e4lt neues Vinyl gut<\/p>\n","protected":false},"featured_media":5941129,"comment_status":"closed","ping_status":"closed","template":"","meta":[],"product_brand":[3435],"product_cat":[1341],"product_tag":[],"class_list":{"0":"post-3413136","1":"product","2":"type-product","3":"status-publish","4":"has-post-thumbnail","6":"product_brand-starbrite-de","7":"product_cat-produkte-zur-reinigung","9":"first","10":"instock","11":"shipping-taxable","12":"purchasable","13":"product-type-simple"},"_links":{"self":[{"href":"https:\/\/stoic-curie.212-227-153-4.plesk.page\/de\/wp-json\/wp\/v2\/product\/3413136","targetHints":{"allow":["GET"]}}],"collection":[{"href":"https:\/\/stoic-curie.212-227-153-4.plesk.page\/de\/wp-json\/wp\/v2\/product"}],"about":[{"href":"https:\/\/stoic-curie.212-227-153-4.plesk.page\/de\/wp-json\/wp\/v2\/types\/product"}],"replies":[{"embeddable":true,"href":"https:\/\/stoic-curie.212-227-153-4.plesk.page\/de\/wp-json\/wp\/v2\/comments?post=3413136"}],"version-history":[{"count":0,"href":"https:\/\/stoic-curie.212-227-153-4.plesk.page\/de\/wp-json\/wp\/v2\/product\/3413136\/revisions"}],"wp:featuredmedia":[{"embeddable":true,"href":"https:\/\/stoic-curie.212-227-153-4.plesk.page\/de\/wp-json\/wp\/v2\/media\/5941129"}],"wp:attachment":[{"href":"https:\/\/stoic-curie.212-227-153-4.plesk.page\/de\/wp-json\/wp\/v2\/media?parent=3413136"}],"wp:term":[{"taxonomy":"product_brand","embeddable":true,"href":"https:\/\/stoic-curie.212-227-153-4.plesk.page\/de\/wp-json\/wp\/v2\/product_brand?post=3413136"},{"taxonomy":"product_cat","embeddable":true,"href":"https:\/\/stoic-curie.212-227-153-4.plesk.page\/de\/wp-json\/wp\/v2\/product_cat?post=3413136"},{"taxonomy":"product_tag","embeddable":true,"href":"https:\/\/stoic-curie.212-227-153-4.plesk.page\/de\/wp-json\/wp\/v2\/product_tag?post=3413136"}],"curies":[{"name":"wp","href":"https:\/\/api.w.org\/{rel}","templated":true}]}}