{"id":3413201,"date":"2025-10-09T22:45:48","date_gmt":"2025-10-10T02:45:48","guid":{"rendered":"https:\/\/stoic-curie.212-227-153-4.plesk.page\/product\/kit-aluminium-anoden-fuer-mercruiser-bravo-i\/"},"modified":"2026-02-24T23:34:55","modified_gmt":"2026-02-24T23:34:55","slug":"kit-aluminium-anoden-fuer-mercruiser-bravo-i","status":"publish","type":"product","link":"https:\/\/stoic-curie.212-227-153-4.plesk.page\/de\/product\/kit-aluminium-anoden-fuer-mercruiser-bravo-i\/","title":{"rendered":"Kit Aluminium-Anoden f\u00fcr Mercruiser Bravo I"},"content":{"rendered":"<p>Kit Aluminium-Anoden f\u00fcr Mercruiser Bravo I &#8211; <\/p>\n<p>Martyr &#8220;Echter Typ&#8221; Aluminium M2 Legierung Anoden Kit f\u00fcr Bravo I. <br \/>\u2022 Sch\u00fctzt 50 % l\u00e4nger als herk\u00f6mmliche Zinkanoden <br \/>\u2022 Wiegt 50 % weniger als herk\u00f6mmliche Zinkanoden <br \/>Das Kit enth\u00e4lt: <br \/>1 x 76214Q5 <br \/>1 x 806188Q01 <br \/>1 x 821630Q1 <br \/>2 x 806190Q1<\/p>\n","protected":false},"excerpt":{"rendered":"<p>Kit Aluminium-Anoden f\u00fcr Mercruiser Bravo I &#8211; Martyr &#8220;Echter Typ&#8221; Aluminium M2 Legierung Anoden Kit f\u00fcr Bravo I. \u2022 Sch\u00fctzt<\/p>\n","protected":false},"featured_media":5941186,"comment_status":"closed","ping_status":"closed","template":"","meta":[],"product_brand":[3125],"product_cat":[1543],"product_tag":[],"class_list":{"0":"post-3413201","1":"product","2":"type-product","3":"status-publish","4":"has-post-thumbnail","6":"product_brand-martyr-de","7":"product_cat-marine-ersatzteile-fuer-mercruiser","9":"first","10":"instock","11":"shipping-taxable","12":"purchasable","13":"product-type-simple"},"_links":{"self":[{"href":"https:\/\/stoic-curie.212-227-153-4.plesk.page\/de\/wp-json\/wp\/v2\/product\/3413201","targetHints":{"allow":["GET"]}}],"collection":[{"href":"https:\/\/stoic-curie.212-227-153-4.plesk.page\/de\/wp-json\/wp\/v2\/product"}],"about":[{"href":"https:\/\/stoic-curie.212-227-153-4.plesk.page\/de\/wp-json\/wp\/v2\/types\/product"}],"replies":[{"embeddable":true,"href":"https:\/\/stoic-curie.212-227-153-4.plesk.page\/de\/wp-json\/wp\/v2\/comments?post=3413201"}],"version-history":[{"count":0,"href":"https:\/\/stoic-curie.212-227-153-4.plesk.page\/de\/wp-json\/wp\/v2\/product\/3413201\/revisions"}],"wp:featuredmedia":[{"embeddable":true,"href":"https:\/\/stoic-curie.212-227-153-4.plesk.page\/de\/wp-json\/wp\/v2\/media\/5941186"}],"wp:attachment":[{"href":"https:\/\/stoic-curie.212-227-153-4.plesk.page\/de\/wp-json\/wp\/v2\/media?parent=3413201"}],"wp:term":[{"taxonomy":"product_brand","embeddable":true,"href":"https:\/\/stoic-curie.212-227-153-4.plesk.page\/de\/wp-json\/wp\/v2\/product_brand?post=3413201"},{"taxonomy":"product_cat","embeddable":true,"href":"https:\/\/stoic-curie.212-227-153-4.plesk.page\/de\/wp-json\/wp\/v2\/product_cat?post=3413201"},{"taxonomy":"product_tag","embeddable":true,"href":"https:\/\/stoic-curie.212-227-153-4.plesk.page\/de\/wp-json\/wp\/v2\/product_tag?post=3413201"}],"curies":[{"name":"wp","href":"https:\/\/api.w.org\/{rel}","templated":true}]}}