{"id":3413223,"date":"2025-10-09T22:45:49","date_gmt":"2025-10-10T02:45:49","guid":{"rendered":"https:\/\/stoic-curie.212-227-153-4.plesk.page\/product\/kit-aluminium-anoden-fuer-volvo-penta-sx\/"},"modified":"2026-02-24T23:34:55","modified_gmt":"2026-02-24T23:34:55","slug":"kit-aluminium-anoden-fuer-volvo-penta-sx","status":"publish","type":"product","link":"https:\/\/stoic-curie.212-227-153-4.plesk.page\/de\/product\/kit-aluminium-anoden-fuer-volvo-penta-sx\/","title":{"rendered":"Kit Aluminium-Anoden f\u00fcr Volvo Penta SX"},"content":{"rendered":"<p>Kit Aluminium-Anoden f\u00fcr Volvo Penta SX &#8211; <\/p>\n<p>Martyr &#8220;Genuine Type&#8221; Aluminium M2 Legierungsanodensatz f\u00fcr Volvo Penta SX.  \u00e2\u0080\u00a2 Sch\u00fctzt 50 % l\u00e4nger als traditionelle Zinkanoden \u00e2\u0080\u00a2 Wiegt 50 % weniger als traditionelle Zinkanoden Das Set enth\u00e4lt: 1 x 3855411 1 x 3854130<\/p>\n","protected":false},"excerpt":{"rendered":"<p>Kit Aluminium-Anoden f\u00fcr Volvo Penta SX &#8211; Martyr &#8220;Genuine Type&#8221; Aluminium M2 Legierungsanodensatz f\u00fcr Volvo Penta SX. \u00e2\u0080\u00a2 Sch\u00fctzt 50<\/p>\n","protected":false},"featured_media":5941189,"comment_status":"closed","ping_status":"closed","template":"","meta":[],"product_brand":[3125],"product_cat":[1542],"product_tag":[],"class_list":{"0":"post-3413223","1":"product","2":"type-product","3":"status-publish","4":"has-post-thumbnail","6":"product_brand-martyr-de","7":"product_cat-marine-ersatzteile-fuer-volvo-penta","9":"first","10":"instock","11":"shipping-taxable","12":"purchasable","13":"product-type-simple"},"_links":{"self":[{"href":"https:\/\/stoic-curie.212-227-153-4.plesk.page\/de\/wp-json\/wp\/v2\/product\/3413223","targetHints":{"allow":["GET"]}}],"collection":[{"href":"https:\/\/stoic-curie.212-227-153-4.plesk.page\/de\/wp-json\/wp\/v2\/product"}],"about":[{"href":"https:\/\/stoic-curie.212-227-153-4.plesk.page\/de\/wp-json\/wp\/v2\/types\/product"}],"replies":[{"embeddable":true,"href":"https:\/\/stoic-curie.212-227-153-4.plesk.page\/de\/wp-json\/wp\/v2\/comments?post=3413223"}],"version-history":[{"count":0,"href":"https:\/\/stoic-curie.212-227-153-4.plesk.page\/de\/wp-json\/wp\/v2\/product\/3413223\/revisions"}],"wp:featuredmedia":[{"embeddable":true,"href":"https:\/\/stoic-curie.212-227-153-4.plesk.page\/de\/wp-json\/wp\/v2\/media\/5941189"}],"wp:attachment":[{"href":"https:\/\/stoic-curie.212-227-153-4.plesk.page\/de\/wp-json\/wp\/v2\/media?parent=3413223"}],"wp:term":[{"taxonomy":"product_brand","embeddable":true,"href":"https:\/\/stoic-curie.212-227-153-4.plesk.page\/de\/wp-json\/wp\/v2\/product_brand?post=3413223"},{"taxonomy":"product_cat","embeddable":true,"href":"https:\/\/stoic-curie.212-227-153-4.plesk.page\/de\/wp-json\/wp\/v2\/product_cat?post=3413223"},{"taxonomy":"product_tag","embeddable":true,"href":"https:\/\/stoic-curie.212-227-153-4.plesk.page\/de\/wp-json\/wp\/v2\/product_tag?post=3413223"}],"curies":[{"name":"wp","href":"https:\/\/api.w.org\/{rel}","templated":true}]}}