{"id":3413314,"date":"2025-10-09T22:45:52","date_gmt":"2025-10-10T02:45:52","guid":{"rendered":"https:\/\/stoic-curie.212-227-153-4.plesk.page\/product\/bw-automatische-bilgenpumpe-500-gph-12v\/"},"modified":"2026-02-24T23:34:55","modified_gmt":"2026-02-24T23:34:55","slug":"bw-automatische-bilgenpumpe-500-gph-12v","status":"publish","type":"product","link":"https:\/\/stoic-curie.212-227-153-4.plesk.page\/de\/product\/bw-automatische-bilgenpumpe-500-gph-12v\/","title":{"rendered":"BW automatische Bilgenpumpe 500 gph 12V"},"content":{"rendered":"<p>BW automatische Bilgenpumpe 500 gph 12V &#8211; <\/p>\n<p>BW automatische Bilgenpumpe, die aktiviert wird, sobald Wasser in der Bilge erkannt wird. Wassergek\u00fchlter Elektromotor f\u00fcr eine h\u00f6here Langlebigkeit. Der Filterboden kann zur einfachen Reinigung ge\u00f6ffnet werden.<\/p>\n","protected":false},"excerpt":{"rendered":"<p>BW automatische Bilgenpumpe 500 gph 12V &#8211; BW automatische Bilgenpumpe, die aktiviert wird, sobald Wasser in der Bilge erkannt wird.<\/p>\n","protected":false},"featured_media":5941221,"comment_status":"closed","ping_status":"closed","template":"","meta":[],"product_brand":[3045],"product_cat":[1372],"product_tag":[],"class_list":{"0":"post-3413314","1":"product","2":"type-product","3":"status-publish","4":"has-post-thumbnail","6":"product_brand-johnson-marine-de","7":"product_cat-elektrische-bilgepumpen","9":"first","10":"instock","11":"shipping-taxable","12":"purchasable","13":"product-type-simple"},"_links":{"self":[{"href":"https:\/\/stoic-curie.212-227-153-4.plesk.page\/de\/wp-json\/wp\/v2\/product\/3413314","targetHints":{"allow":["GET"]}}],"collection":[{"href":"https:\/\/stoic-curie.212-227-153-4.plesk.page\/de\/wp-json\/wp\/v2\/product"}],"about":[{"href":"https:\/\/stoic-curie.212-227-153-4.plesk.page\/de\/wp-json\/wp\/v2\/types\/product"}],"replies":[{"embeddable":true,"href":"https:\/\/stoic-curie.212-227-153-4.plesk.page\/de\/wp-json\/wp\/v2\/comments?post=3413314"}],"version-history":[{"count":0,"href":"https:\/\/stoic-curie.212-227-153-4.plesk.page\/de\/wp-json\/wp\/v2\/product\/3413314\/revisions"}],"wp:featuredmedia":[{"embeddable":true,"href":"https:\/\/stoic-curie.212-227-153-4.plesk.page\/de\/wp-json\/wp\/v2\/media\/5941221"}],"wp:attachment":[{"href":"https:\/\/stoic-curie.212-227-153-4.plesk.page\/de\/wp-json\/wp\/v2\/media?parent=3413314"}],"wp:term":[{"taxonomy":"product_brand","embeddable":true,"href":"https:\/\/stoic-curie.212-227-153-4.plesk.page\/de\/wp-json\/wp\/v2\/product_brand?post=3413314"},{"taxonomy":"product_cat","embeddable":true,"href":"https:\/\/stoic-curie.212-227-153-4.plesk.page\/de\/wp-json\/wp\/v2\/product_cat?post=3413314"},{"taxonomy":"product_tag","embeddable":true,"href":"https:\/\/stoic-curie.212-227-153-4.plesk.page\/de\/wp-json\/wp\/v2\/product_tag?post=3413314"}],"curies":[{"name":"wp","href":"https:\/\/api.w.org\/{rel}","templated":true}]}}