{"id":3413452,"date":"2025-10-09T22:45:56","date_gmt":"2025-10-10T02:45:56","guid":{"rendered":"https:\/\/stoic-curie.212-227-153-4.plesk.page\/product\/versteckte-sicherheitsleitern-31-stufen-hintere-mutter\/"},"modified":"2026-02-24T23:34:55","modified_gmt":"2026-02-24T23:34:55","slug":"versteckte-sicherheitsleitern-31-stufen-hintere-mutter","status":"publish","type":"product","link":"https:\/\/stoic-curie.212-227-153-4.plesk.page\/de\/product\/versteckte-sicherheitsleitern-31-stufen-hintere-mutter\/","title":{"rendered":"Versteckte Sicherheitsleitern 3+1 Stufen Hintere Mutter"},"content":{"rendered":"<p>Versteckte Sicherheitsleitern 3+1 Stufen Hintere Mutter &#8211; <\/p>\n<p>Nylongeflochtene Struktur mit versteckten Notfall-Bordersteigern, ausgestattet mit 3 hochresistenten Thermopolymerstufen und einem Griff. Soll \u00fcber der Wasserlinie in einem versenkten, wasserdichten Thermopolymergeh\u00e4use installiert werden. Sehr einfach zu bedienen: Der Mann \u00fcber Bord zieht den Verriegelungsring, um die Leiter auszulassen.<\/p>\n","protected":false},"excerpt":{"rendered":"<p>Versteckte Sicherheitsleitern 3+1 Stufen Hintere Mutter &#8211; Nylongeflochtene Struktur mit versteckten Notfall-Bordersteigern, ausgestattet mit 3 hochresistenten Thermopolymerstufen und einem Griff.<\/p>\n","protected":false},"featured_media":5941260,"comment_status":"closed","ping_status":"closed","template":"","meta":[],"product_brand":[2860],"product_cat":[1331],"product_tag":[],"class_list":{"0":"post-3413452","1":"product","2":"type-product","3":"status-publish","4":"has-post-thumbnail","6":"product_brand-ceredi-de","7":"product_cat-bootsleitern","9":"first","10":"instock","11":"shipping-taxable","12":"purchasable","13":"product-type-simple"},"_links":{"self":[{"href":"https:\/\/stoic-curie.212-227-153-4.plesk.page\/de\/wp-json\/wp\/v2\/product\/3413452","targetHints":{"allow":["GET"]}}],"collection":[{"href":"https:\/\/stoic-curie.212-227-153-4.plesk.page\/de\/wp-json\/wp\/v2\/product"}],"about":[{"href":"https:\/\/stoic-curie.212-227-153-4.plesk.page\/de\/wp-json\/wp\/v2\/types\/product"}],"replies":[{"embeddable":true,"href":"https:\/\/stoic-curie.212-227-153-4.plesk.page\/de\/wp-json\/wp\/v2\/comments?post=3413452"}],"version-history":[{"count":0,"href":"https:\/\/stoic-curie.212-227-153-4.plesk.page\/de\/wp-json\/wp\/v2\/product\/3413452\/revisions"}],"wp:featuredmedia":[{"embeddable":true,"href":"https:\/\/stoic-curie.212-227-153-4.plesk.page\/de\/wp-json\/wp\/v2\/media\/5941260"}],"wp:attachment":[{"href":"https:\/\/stoic-curie.212-227-153-4.plesk.page\/de\/wp-json\/wp\/v2\/media?parent=3413452"}],"wp:term":[{"taxonomy":"product_brand","embeddable":true,"href":"https:\/\/stoic-curie.212-227-153-4.plesk.page\/de\/wp-json\/wp\/v2\/product_brand?post=3413452"},{"taxonomy":"product_cat","embeddable":true,"href":"https:\/\/stoic-curie.212-227-153-4.plesk.page\/de\/wp-json\/wp\/v2\/product_cat?post=3413452"},{"taxonomy":"product_tag","embeddable":true,"href":"https:\/\/stoic-curie.212-227-153-4.plesk.page\/de\/wp-json\/wp\/v2\/product_tag?post=3413452"}],"curies":[{"name":"wp","href":"https:\/\/api.w.org\/{rel}","templated":true}]}}