{"id":3413477,"date":"2025-10-09T22:45:57","date_gmt":"2025-10-10T02:45:57","guid":{"rendered":"https:\/\/stoic-curie.212-227-153-4.plesk.page\/product\/laderegler-fuer-solarpaneele-120-240-watt-1-batterie\/"},"modified":"2026-02-24T23:34:56","modified_gmt":"2026-02-24T23:34:56","slug":"laderegler-fuer-solarpaneele-120-240-watt-1-batterie","status":"publish","type":"product","link":"https:\/\/stoic-curie.212-227-153-4.plesk.page\/de\/product\/laderegler-fuer-solarpaneele-120-240-watt-1-batterie\/","title":{"rendered":"Laderegler f\u00fcr Solarpaneele 120\/240 Watt, 1 Batterie"},"content":{"rendered":"<p>Laderegler f\u00fcr Solarpaneele 120\/240 Watt, 1 Batterie &#8211; <\/p>\n<p>Solar-Laderegler f\u00fcr photovoltaische Panels und Systeme. 3-stufige Ladetechnologie mit PWM-Technologie zur korrekten \u00dcbertragung des Stroms vom Panel zu zwei Batterieanlagen. Geeignet f\u00fcr alle Bleis\u00e4urebatterien, einschlie\u00dflich AGM und Gel. Nicht kompatibel mit Lithium- und NiMH-Batterien. Komplett mit LED-Display, doppelte 2A USB-Buchse, Ladeeinstellknopf und MOS-Schaltung, die den Regler vor Kurzschl\u00fcssen, \u00dcberspannung und umgekehrter Polarit\u00e4t sch\u00fctzt.<\/p>\n","protected":false},"excerpt":{"rendered":"<p>Laderegler f\u00fcr Solarpaneele 120\/240 Watt, 1 Batterie &#8211; Solar-Laderegler f\u00fcr photovoltaische Panels und Systeme. 3-stufige Ladetechnologie mit PWM-Technologie zur korrekten<\/p>\n","protected":false},"featured_media":5941273,"comment_status":"closed","ping_status":"closed","template":"","meta":[],"product_brand":[2830],"product_cat":[1462],"product_tag":[],"class_list":{"0":"post-3413477","1":"product","2":"type-product","3":"status-publish","4":"has-post-thumbnail","6":"product_brand-blue-sea-systems-de","7":"product_cat-solarpaneele","9":"first","10":"instock","11":"shipping-taxable","12":"purchasable","13":"product-type-simple"},"_links":{"self":[{"href":"https:\/\/stoic-curie.212-227-153-4.plesk.page\/de\/wp-json\/wp\/v2\/product\/3413477","targetHints":{"allow":["GET"]}}],"collection":[{"href":"https:\/\/stoic-curie.212-227-153-4.plesk.page\/de\/wp-json\/wp\/v2\/product"}],"about":[{"href":"https:\/\/stoic-curie.212-227-153-4.plesk.page\/de\/wp-json\/wp\/v2\/types\/product"}],"replies":[{"embeddable":true,"href":"https:\/\/stoic-curie.212-227-153-4.plesk.page\/de\/wp-json\/wp\/v2\/comments?post=3413477"}],"version-history":[{"count":0,"href":"https:\/\/stoic-curie.212-227-153-4.plesk.page\/de\/wp-json\/wp\/v2\/product\/3413477\/revisions"}],"wp:featuredmedia":[{"embeddable":true,"href":"https:\/\/stoic-curie.212-227-153-4.plesk.page\/de\/wp-json\/wp\/v2\/media\/5941273"}],"wp:attachment":[{"href":"https:\/\/stoic-curie.212-227-153-4.plesk.page\/de\/wp-json\/wp\/v2\/media?parent=3413477"}],"wp:term":[{"taxonomy":"product_brand","embeddable":true,"href":"https:\/\/stoic-curie.212-227-153-4.plesk.page\/de\/wp-json\/wp\/v2\/product_brand?post=3413477"},{"taxonomy":"product_cat","embeddable":true,"href":"https:\/\/stoic-curie.212-227-153-4.plesk.page\/de\/wp-json\/wp\/v2\/product_cat?post=3413477"},{"taxonomy":"product_tag","embeddable":true,"href":"https:\/\/stoic-curie.212-227-153-4.plesk.page\/de\/wp-json\/wp\/v2\/product_tag?post=3413477"}],"curies":[{"name":"wp","href":"https:\/\/api.w.org\/{rel}","templated":true}]}}