{"id":3413485,"date":"2025-10-09T22:45:57","date_gmt":"2025-10-10T02:45:57","guid":{"rendered":"https:\/\/stoic-curie.212-227-153-4.plesk.page\/product\/halstuchbeutel-20x35-cm\/"},"modified":"2026-02-24T23:34:56","modified_gmt":"2026-02-24T23:34:56","slug":"halstuchbeutel-20x35-cm","status":"publish","type":"product","link":"https:\/\/stoic-curie.212-227-153-4.plesk.page\/de\/product\/halstuchbeutel-20x35-cm\/","title":{"rendered":"Halstuchbeutel 20&#215;35 cm"},"content":{"rendered":"<p>Halstuchbeutel 20&#215;35 cm &#8211; <\/p>\n<p>Netzbeutel mit Schn\u00fcrzugverschluss und Befestigungs-Haken. Ideal zum Aufbewahren von Leinen und T\u00fcchern. Erm\u00f6glicht das einfache Trocknen von nassen Leinen, Handt\u00fcchern usw.<\/p>\n","protected":false},"excerpt":{"rendered":"<p>Halstuchbeutel 20&#215;35 cm &#8211; Netzbeutel mit Schn\u00fcrzugverschluss und Befestigungs-Haken. Ideal zum Aufbewahren von Leinen und T\u00fcchern. Erm\u00f6glicht das einfache Trocknen<\/p>\n","protected":false},"featured_media":5939657,"comment_status":"closed","ping_status":"closed","template":"","meta":[],"product_brand":[3235],"product_cat":[1357,1481],"product_tag":[],"class_list":{"0":"post-3413485","1":"product","2":"type-product","3":"status-publish","4":"has-post-thumbnail","6":"product_brand-osculati-de","7":"product_cat-aufbewahrungszubehoer","8":"product_cat-schoten-und-taljen","10":"first","11":"instock","12":"shipping-taxable","13":"purchasable","14":"product-type-simple"},"_links":{"self":[{"href":"https:\/\/stoic-curie.212-227-153-4.plesk.page\/de\/wp-json\/wp\/v2\/product\/3413485","targetHints":{"allow":["GET"]}}],"collection":[{"href":"https:\/\/stoic-curie.212-227-153-4.plesk.page\/de\/wp-json\/wp\/v2\/product"}],"about":[{"href":"https:\/\/stoic-curie.212-227-153-4.plesk.page\/de\/wp-json\/wp\/v2\/types\/product"}],"replies":[{"embeddable":true,"href":"https:\/\/stoic-curie.212-227-153-4.plesk.page\/de\/wp-json\/wp\/v2\/comments?post=3413485"}],"version-history":[{"count":0,"href":"https:\/\/stoic-curie.212-227-153-4.plesk.page\/de\/wp-json\/wp\/v2\/product\/3413485\/revisions"}],"wp:featuredmedia":[{"embeddable":true,"href":"https:\/\/stoic-curie.212-227-153-4.plesk.page\/de\/wp-json\/wp\/v2\/media\/5939657"}],"wp:attachment":[{"href":"https:\/\/stoic-curie.212-227-153-4.plesk.page\/de\/wp-json\/wp\/v2\/media?parent=3413485"}],"wp:term":[{"taxonomy":"product_brand","embeddable":true,"href":"https:\/\/stoic-curie.212-227-153-4.plesk.page\/de\/wp-json\/wp\/v2\/product_brand?post=3413485"},{"taxonomy":"product_cat","embeddable":true,"href":"https:\/\/stoic-curie.212-227-153-4.plesk.page\/de\/wp-json\/wp\/v2\/product_cat?post=3413485"},{"taxonomy":"product_tag","embeddable":true,"href":"https:\/\/stoic-curie.212-227-153-4.plesk.page\/de\/wp-json\/wp\/v2\/product_tag?post=3413485"}],"curies":[{"name":"wp","href":"https:\/\/api.w.org\/{rel}","templated":true}]}}