{"id":3413487,"date":"2025-10-09T22:45:57","date_gmt":"2025-10-10T02:45:57","guid":{"rendered":"https:\/\/stoic-curie.212-227-153-4.plesk.page\/product\/eingelassene-duschbox-98-x-143-mm\/"},"modified":"2026-02-24T23:34:56","modified_gmt":"2026-02-24T23:34:56","slug":"eingelassene-duschbox-98-x-143-mm","status":"publish","type":"product","link":"https:\/\/stoic-curie.212-227-153-4.plesk.page\/de\/product\/eingelassene-duschbox-98-x-143-mm\/","title":{"rendered":"Eingelassene Duschbox 98 x 143 mm"},"content":{"rendered":"<p>Eingelassene Duschbox 98 x 143 mm &#8211; <\/p>\n<p>Versenkter Duschkopf und Mischbox f\u00fcr hei\u00df\/kalt Wasser aus UV-best\u00e4ndigem, robustem, schlagfestem Kunststoff. Universelle vertikale oder horizontale Montage. Bohrungsma\u00df 70 x 115 mm &#8211; Au\u00dfendurchmesser 98 x 143 mm &#8211; Tiefe 73 mm. Erg\u00e4nzen Sie es mit einem T-Mischer, Duschkopf und flexibler Schlauch.<\/p>\n","protected":false},"excerpt":{"rendered":"<p>Eingelassene Duschbox 98 x 143 mm &#8211; Versenkter Duschkopf und Mischbox f\u00fcr hei\u00df\/kalt Wasser aus UV-best\u00e4ndigem, robustem, schlagfestem Kunststoff. Universelle<\/p>\n","protected":false},"featured_media":5941274,"comment_status":"closed","ping_status":"closed","template":"","meta":[],"product_brand":[2855],"product_cat":[1365],"product_tag":[],"class_list":{"0":"post-3413487","1":"product","2":"type-product","3":"status-publish","4":"has-post-thumbnail","6":"product_brand-can-marine-de","7":"product_cat-bootsduschen","9":"first","10":"instock","11":"shipping-taxable","12":"purchasable","13":"product-type-simple"},"_links":{"self":[{"href":"https:\/\/stoic-curie.212-227-153-4.plesk.page\/de\/wp-json\/wp\/v2\/product\/3413487","targetHints":{"allow":["GET"]}}],"collection":[{"href":"https:\/\/stoic-curie.212-227-153-4.plesk.page\/de\/wp-json\/wp\/v2\/product"}],"about":[{"href":"https:\/\/stoic-curie.212-227-153-4.plesk.page\/de\/wp-json\/wp\/v2\/types\/product"}],"replies":[{"embeddable":true,"href":"https:\/\/stoic-curie.212-227-153-4.plesk.page\/de\/wp-json\/wp\/v2\/comments?post=3413487"}],"version-history":[{"count":0,"href":"https:\/\/stoic-curie.212-227-153-4.plesk.page\/de\/wp-json\/wp\/v2\/product\/3413487\/revisions"}],"wp:featuredmedia":[{"embeddable":true,"href":"https:\/\/stoic-curie.212-227-153-4.plesk.page\/de\/wp-json\/wp\/v2\/media\/5941274"}],"wp:attachment":[{"href":"https:\/\/stoic-curie.212-227-153-4.plesk.page\/de\/wp-json\/wp\/v2\/media?parent=3413487"}],"wp:term":[{"taxonomy":"product_brand","embeddable":true,"href":"https:\/\/stoic-curie.212-227-153-4.plesk.page\/de\/wp-json\/wp\/v2\/product_brand?post=3413487"},{"taxonomy":"product_cat","embeddable":true,"href":"https:\/\/stoic-curie.212-227-153-4.plesk.page\/de\/wp-json\/wp\/v2\/product_cat?post=3413487"},{"taxonomy":"product_tag","embeddable":true,"href":"https:\/\/stoic-curie.212-227-153-4.plesk.page\/de\/wp-json\/wp\/v2\/product_tag?post=3413487"}],"curies":[{"name":"wp","href":"https:\/\/api.w.org\/{rel}","templated":true}]}}