{"id":3413542,"date":"2025-10-09T22:45:59","date_gmt":"2025-10-10T02:45:59","guid":{"rendered":"https:\/\/stoic-curie.212-227-153-4.plesk.page\/product\/eingelassene-box-fuer-duscharmatur-98-mm\/"},"modified":"2026-02-24T23:34:56","modified_gmt":"2026-02-24T23:34:56","slug":"eingelassene-box-fuer-duscharmatur-98-mm","status":"publish","type":"product","link":"https:\/\/stoic-curie.212-227-153-4.plesk.page\/de\/product\/eingelassene-box-fuer-duscharmatur-98-mm\/","title":{"rendered":"Eingelassene Box f\u00fcr Duscharmatur 98 mm"},"content":{"rendered":"<p>Eingelassene Box f\u00fcr Duscharmatur 98 mm &#8211; <\/p>\n<p>Wassermischer-Einbaugeh\u00e4use. UV-best\u00e4ndiger, robuster, schockfester Kunststoffk\u00f6rper. Vertikale oder horizontale Montage. Kann mit Mischger\u00e4t 1511112 erg\u00e4nzt werden.<br \/>Einbau\u00f6ffnung 70 mm &#8211; Au\u00dfendurchmesser 98 mm &#8211; Tiefe 66 mm.<\/p>\n","protected":false},"excerpt":{"rendered":"<p>Eingelassene Box f\u00fcr Duscharmatur 98 mm &#8211; Wassermischer-Einbaugeh\u00e4use. UV-best\u00e4ndiger, robuster, schockfester Kunststoffk\u00f6rper. Vertikale oder horizontale Montage. Kann mit Mischger\u00e4t 1511112<\/p>\n","protected":false},"featured_media":5941285,"comment_status":"closed","ping_status":"closed","template":"","meta":[],"product_brand":[3210],"product_cat":[1365],"product_tag":[],"class_list":{"0":"post-3413542","1":"product","2":"type-product","3":"status-publish","4":"has-post-thumbnail","6":"product_brand-nuova-rade-de","7":"product_cat-bootsduschen","9":"first","10":"instock","11":"shipping-taxable","12":"purchasable","13":"product-type-simple"},"_links":{"self":[{"href":"https:\/\/stoic-curie.212-227-153-4.plesk.page\/de\/wp-json\/wp\/v2\/product\/3413542","targetHints":{"allow":["GET"]}}],"collection":[{"href":"https:\/\/stoic-curie.212-227-153-4.plesk.page\/de\/wp-json\/wp\/v2\/product"}],"about":[{"href":"https:\/\/stoic-curie.212-227-153-4.plesk.page\/de\/wp-json\/wp\/v2\/types\/product"}],"replies":[{"embeddable":true,"href":"https:\/\/stoic-curie.212-227-153-4.plesk.page\/de\/wp-json\/wp\/v2\/comments?post=3413542"}],"version-history":[{"count":0,"href":"https:\/\/stoic-curie.212-227-153-4.plesk.page\/de\/wp-json\/wp\/v2\/product\/3413542\/revisions"}],"wp:featuredmedia":[{"embeddable":true,"href":"https:\/\/stoic-curie.212-227-153-4.plesk.page\/de\/wp-json\/wp\/v2\/media\/5941285"}],"wp:attachment":[{"href":"https:\/\/stoic-curie.212-227-153-4.plesk.page\/de\/wp-json\/wp\/v2\/media?parent=3413542"}],"wp:term":[{"taxonomy":"product_brand","embeddable":true,"href":"https:\/\/stoic-curie.212-227-153-4.plesk.page\/de\/wp-json\/wp\/v2\/product_brand?post=3413542"},{"taxonomy":"product_cat","embeddable":true,"href":"https:\/\/stoic-curie.212-227-153-4.plesk.page\/de\/wp-json\/wp\/v2\/product_cat?post=3413542"},{"taxonomy":"product_tag","embeddable":true,"href":"https:\/\/stoic-curie.212-227-153-4.plesk.page\/de\/wp-json\/wp\/v2\/product_tag?post=3413542"}],"curies":[{"name":"wp","href":"https:\/\/api.w.org\/{rel}","templated":true}]}}