{"id":3413721,"date":"2025-10-09T22:46:04","date_gmt":"2025-10-10T02:46:04","guid":{"rendered":"https:\/\/stoic-curie.212-227-153-4.plesk.page\/product\/diebstahlsicherung-mcgard-fuer-suzuki-tohatsu-johnson\/"},"modified":"2026-02-24T23:34:56","modified_gmt":"2026-02-24T23:34:56","slug":"diebstahlsicherung-mcgard-fuer-suzuki-tohatsu-johnson","status":"publish","type":"product","link":"https:\/\/stoic-curie.212-227-153-4.plesk.page\/de\/product\/diebstahlsicherung-mcgard-fuer-suzuki-tohatsu-johnson\/","title":{"rendered":"Diebstahlsicherung MCGard f\u00fcr Suzuki-Tohatsu &#8211; Johnson"},"content":{"rendered":"<p>Diebstahlsicherung MCGard f\u00fcr Suzuki-Tohatsu &#8211; Johnson &#8211; <\/p>\n<p>Extrem widerstandsf\u00e4hig, einfach zu bedienen und sicheres Diebstahlschutzsystem f\u00fcr Au\u00dfenbordmotoren, Heckantrieb oder Propeller. Ersetzen Sie einfach eine der Montagemuttern durch eine McGard-Sicherungsmutter\/-h\u00fclse. Die frei drehbare H\u00fclse dreht sich selbstst\u00e4ndig und macht die Demontage unm\u00f6glich. Nur mit dem im Paket enthaltenen McGard-Schl\u00fcssel ist es m\u00f6glich, das Diebstahlschutzger\u00e4t zu demontieren.<\/p>\n","protected":false},"excerpt":{"rendered":"<p>Diebstahlsicherung MCGard f\u00fcr Suzuki-Tohatsu &#8211; Johnson &#8211; Extrem widerstandsf\u00e4hig, einfach zu bedienen und sicheres Diebstahlschutzsystem f\u00fcr Au\u00dfenbordmotoren, Heckantrieb oder Propeller.<\/p>\n","protected":false},"featured_media":5941340,"comment_status":"closed","ping_status":"closed","template":"","meta":[],"product_brand":[3150],"product_cat":[1540],"product_tag":[],"class_list":{"0":"post-3413721","1":"product","2":"type-product","3":"status-publish","4":"has-post-thumbnail","6":"product_brand-mcgard-marine-de","7":"product_cat-zubehoer-fuer-aussenborder","9":"first","10":"instock","11":"shipping-taxable","12":"purchasable","13":"product-type-simple"},"_links":{"self":[{"href":"https:\/\/stoic-curie.212-227-153-4.plesk.page\/de\/wp-json\/wp\/v2\/product\/3413721","targetHints":{"allow":["GET"]}}],"collection":[{"href":"https:\/\/stoic-curie.212-227-153-4.plesk.page\/de\/wp-json\/wp\/v2\/product"}],"about":[{"href":"https:\/\/stoic-curie.212-227-153-4.plesk.page\/de\/wp-json\/wp\/v2\/types\/product"}],"replies":[{"embeddable":true,"href":"https:\/\/stoic-curie.212-227-153-4.plesk.page\/de\/wp-json\/wp\/v2\/comments?post=3413721"}],"version-history":[{"count":0,"href":"https:\/\/stoic-curie.212-227-153-4.plesk.page\/de\/wp-json\/wp\/v2\/product\/3413721\/revisions"}],"wp:featuredmedia":[{"embeddable":true,"href":"https:\/\/stoic-curie.212-227-153-4.plesk.page\/de\/wp-json\/wp\/v2\/media\/5941340"}],"wp:attachment":[{"href":"https:\/\/stoic-curie.212-227-153-4.plesk.page\/de\/wp-json\/wp\/v2\/media?parent=3413721"}],"wp:term":[{"taxonomy":"product_brand","embeddable":true,"href":"https:\/\/stoic-curie.212-227-153-4.plesk.page\/de\/wp-json\/wp\/v2\/product_brand?post=3413721"},{"taxonomy":"product_cat","embeddable":true,"href":"https:\/\/stoic-curie.212-227-153-4.plesk.page\/de\/wp-json\/wp\/v2\/product_cat?post=3413721"},{"taxonomy":"product_tag","embeddable":true,"href":"https:\/\/stoic-curie.212-227-153-4.plesk.page\/de\/wp-json\/wp\/v2\/product_tag?post=3413721"}],"curies":[{"name":"wp","href":"https:\/\/api.w.org\/{rel}","templated":true}]}}