{"id":3413931,"date":"2025-10-09T22:46:10","date_gmt":"2025-10-10T02:46:10","guid":{"rendered":"https:\/\/stoic-curie.212-227-153-4.plesk.page\/product\/tauchmesser-sub12-schwarz-12-cm\/"},"modified":"2026-02-24T23:34:56","modified_gmt":"2026-02-24T23:34:56","slug":"tauchmesser-sub12-schwarz-12-cm","status":"publish","type":"product","link":"https:\/\/stoic-curie.212-227-153-4.plesk.page\/de\/product\/tauchmesser-sub12-schwarz-12-cm\/","title":{"rendered":"Tauchmesser Sub12 Schwarz 12 cm"},"content":{"rendered":"<p>Tauchmesser Sub12 Schwarz 12 cm &#8211; <\/p>\n<p>Tauchermesser mit Seilschneider und \u00d6sen\u00f6ffner. Komplett mit Scheide und G\u00fcrtel. Klinge aus rostfreiem Stahl W1.4116. Die Klinge sollte nach dem Gebrauch mit S\u00fc\u00dfwasser abgesp\u00fclt und geschmiert werden.<\/p>\n","protected":false},"excerpt":{"rendered":"<p>Tauchmesser Sub12 Schwarz 12 cm &#8211; Tauchermesser mit Seilschneider und \u00d6sen\u00f6ffner. Komplett mit Scheide und G\u00fcrtel. Klinge aus rostfreiem Stahl<\/p>\n","protected":false},"featured_media":5941383,"comment_status":"closed","ping_status":"closed","template":"","meta":[],"product_brand":[3080],"product_cat":[1569,1557],"product_tag":[],"class_list":{"0":"post-3413931","1":"product","2":"type-product","3":"status-publish","4":"has-post-thumbnail","6":"product_brand-macs-de","7":"product_cat-segelmesser-und-werkzeuge","8":"product_cat-tauchzubehoer","10":"first","11":"instock","12":"shipping-taxable","13":"purchasable","14":"product-type-simple"},"_links":{"self":[{"href":"https:\/\/stoic-curie.212-227-153-4.plesk.page\/de\/wp-json\/wp\/v2\/product\/3413931","targetHints":{"allow":["GET"]}}],"collection":[{"href":"https:\/\/stoic-curie.212-227-153-4.plesk.page\/de\/wp-json\/wp\/v2\/product"}],"about":[{"href":"https:\/\/stoic-curie.212-227-153-4.plesk.page\/de\/wp-json\/wp\/v2\/types\/product"}],"replies":[{"embeddable":true,"href":"https:\/\/stoic-curie.212-227-153-4.plesk.page\/de\/wp-json\/wp\/v2\/comments?post=3413931"}],"version-history":[{"count":0,"href":"https:\/\/stoic-curie.212-227-153-4.plesk.page\/de\/wp-json\/wp\/v2\/product\/3413931\/revisions"}],"wp:featuredmedia":[{"embeddable":true,"href":"https:\/\/stoic-curie.212-227-153-4.plesk.page\/de\/wp-json\/wp\/v2\/media\/5941383"}],"wp:attachment":[{"href":"https:\/\/stoic-curie.212-227-153-4.plesk.page\/de\/wp-json\/wp\/v2\/media?parent=3413931"}],"wp:term":[{"taxonomy":"product_brand","embeddable":true,"href":"https:\/\/stoic-curie.212-227-153-4.plesk.page\/de\/wp-json\/wp\/v2\/product_brand?post=3413931"},{"taxonomy":"product_cat","embeddable":true,"href":"https:\/\/stoic-curie.212-227-153-4.plesk.page\/de\/wp-json\/wp\/v2\/product_cat?post=3413931"},{"taxonomy":"product_tag","embeddable":true,"href":"https:\/\/stoic-curie.212-227-153-4.plesk.page\/de\/wp-json\/wp\/v2\/product_tag?post=3413931"}],"curies":[{"name":"wp","href":"https:\/\/api.w.org\/{rel}","templated":true}]}}