{"id":3413986,"date":"2025-10-09T22:46:12","date_gmt":"2025-10-10T02:46:12","guid":{"rendered":"https:\/\/stoic-curie.212-227-153-4.plesk.page\/product\/dichtung-fuer-auspuffkruemmer-mercruiser-807078t10\/"},"modified":"2026-02-24T23:34:56","modified_gmt":"2026-02-24T23:34:56","slug":"dichtung-fuer-auspuffkruemmer-mercruiser-807078t10","status":"publish","type":"product","link":"https:\/\/stoic-curie.212-227-153-4.plesk.page\/de\/product\/dichtung-fuer-auspuffkruemmer-mercruiser-807078t10\/","title":{"rendered":"Dichtung f\u00fcr Auspuffkr\u00fcmmer Mercruiser 807078T10"},"content":{"rendered":"<p>Dichtung f\u00fcr Auspuffkr\u00fcmmer Mercruiser 807078T10 &#8211; <\/p>\n<p>Echtes Mercruiser 807078T10 Abgaskr\u00fcmmer, komplett mit Dichtung. Passt auf 7.4L\/LX-Motoren. Sollte mit 8 Schrauben 5040414 oder mit 4 Schrauben 5040417 und 4 Schrauben 5040414 vervollst\u00e4ndigt werden.<\/p>\n","protected":false},"excerpt":{"rendered":"<p>Dichtung f\u00fcr Auspuffkr\u00fcmmer Mercruiser 807078T10 &#8211; Echtes Mercruiser 807078T10 Abgaskr\u00fcmmer, komplett mit Dichtung. Passt auf 7.4L\/LX-Motoren. Sollte mit 8 Schrauben<\/p>\n","protected":false},"featured_media":5941409,"comment_status":"closed","ping_status":"closed","template":"","meta":[],"product_brand":[3285],"product_cat":[1543],"product_tag":[],"class_list":{"0":"post-3413986","1":"product","2":"type-product","3":"status-publish","4":"has-post-thumbnail","6":"product_brand-quicksilver-de","7":"product_cat-marine-ersatzteile-fuer-mercruiser","9":"first","10":"instock","11":"shipping-taxable","12":"purchasable","13":"product-type-simple"},"_links":{"self":[{"href":"https:\/\/stoic-curie.212-227-153-4.plesk.page\/de\/wp-json\/wp\/v2\/product\/3413986","targetHints":{"allow":["GET"]}}],"collection":[{"href":"https:\/\/stoic-curie.212-227-153-4.plesk.page\/de\/wp-json\/wp\/v2\/product"}],"about":[{"href":"https:\/\/stoic-curie.212-227-153-4.plesk.page\/de\/wp-json\/wp\/v2\/types\/product"}],"replies":[{"embeddable":true,"href":"https:\/\/stoic-curie.212-227-153-4.plesk.page\/de\/wp-json\/wp\/v2\/comments?post=3413986"}],"version-history":[{"count":0,"href":"https:\/\/stoic-curie.212-227-153-4.plesk.page\/de\/wp-json\/wp\/v2\/product\/3413986\/revisions"}],"wp:featuredmedia":[{"embeddable":true,"href":"https:\/\/stoic-curie.212-227-153-4.plesk.page\/de\/wp-json\/wp\/v2\/media\/5941409"}],"wp:attachment":[{"href":"https:\/\/stoic-curie.212-227-153-4.plesk.page\/de\/wp-json\/wp\/v2\/media?parent=3413986"}],"wp:term":[{"taxonomy":"product_brand","embeddable":true,"href":"https:\/\/stoic-curie.212-227-153-4.plesk.page\/de\/wp-json\/wp\/v2\/product_brand?post=3413986"},{"taxonomy":"product_cat","embeddable":true,"href":"https:\/\/stoic-curie.212-227-153-4.plesk.page\/de\/wp-json\/wp\/v2\/product_cat?post=3413986"},{"taxonomy":"product_tag","embeddable":true,"href":"https:\/\/stoic-curie.212-227-153-4.plesk.page\/de\/wp-json\/wp\/v2\/product_tag?post=3413986"}],"curies":[{"name":"wp","href":"https:\/\/api.w.org\/{rel}","templated":true}]}}