{"id":3414008,"date":"2025-10-09T22:46:12","date_gmt":"2025-10-10T02:46:12","guid":{"rendered":"https:\/\/stoic-curie.212-227-153-4.plesk.page\/product\/oelfilter-mercruiser-35-883702q\/"},"modified":"2026-02-24T23:34:56","modified_gmt":"2026-02-24T23:34:56","slug":"oelfilter-mercruiser-35-883702q","status":"publish","type":"product","link":"https:\/\/stoic-curie.212-227-153-4.plesk.page\/de\/product\/oelfilter-mercruiser-35-883702q\/","title":{"rendered":"\u00d6lfilter Mercruiser 35-883702q"},"content":{"rendered":"<p>\u00d6lfilter Mercruiser 35-883702q &#8211; <\/p>\n<p>Originaler \u00d6lfilter f\u00fcr alle Mercruiser-Benzin-V6-Motoren mit Filter am Motorblock.<\/p>\n","protected":false},"excerpt":{"rendered":"<p>\u00d6lfilter Mercruiser 35-883702q &#8211; Originaler \u00d6lfilter f\u00fcr alle Mercruiser-Benzin-V6-Motoren mit Filter am Motorblock.<\/p>\n","protected":false},"featured_media":5941422,"comment_status":"closed","ping_status":"closed","template":"","meta":[],"product_brand":[3285],"product_cat":[1543],"product_tag":[],"class_list":{"0":"post-3414008","1":"product","2":"type-product","3":"status-publish","4":"has-post-thumbnail","6":"product_brand-quicksilver-de","7":"product_cat-marine-ersatzteile-fuer-mercruiser","9":"first","10":"instock","11":"shipping-taxable","12":"purchasable","13":"product-type-simple"},"_links":{"self":[{"href":"https:\/\/stoic-curie.212-227-153-4.plesk.page\/de\/wp-json\/wp\/v2\/product\/3414008","targetHints":{"allow":["GET"]}}],"collection":[{"href":"https:\/\/stoic-curie.212-227-153-4.plesk.page\/de\/wp-json\/wp\/v2\/product"}],"about":[{"href":"https:\/\/stoic-curie.212-227-153-4.plesk.page\/de\/wp-json\/wp\/v2\/types\/product"}],"replies":[{"embeddable":true,"href":"https:\/\/stoic-curie.212-227-153-4.plesk.page\/de\/wp-json\/wp\/v2\/comments?post=3414008"}],"version-history":[{"count":0,"href":"https:\/\/stoic-curie.212-227-153-4.plesk.page\/de\/wp-json\/wp\/v2\/product\/3414008\/revisions"}],"wp:featuredmedia":[{"embeddable":true,"href":"https:\/\/stoic-curie.212-227-153-4.plesk.page\/de\/wp-json\/wp\/v2\/media\/5941422"}],"wp:attachment":[{"href":"https:\/\/stoic-curie.212-227-153-4.plesk.page\/de\/wp-json\/wp\/v2\/media?parent=3414008"}],"wp:term":[{"taxonomy":"product_brand","embeddable":true,"href":"https:\/\/stoic-curie.212-227-153-4.plesk.page\/de\/wp-json\/wp\/v2\/product_brand?post=3414008"},{"taxonomy":"product_cat","embeddable":true,"href":"https:\/\/stoic-curie.212-227-153-4.plesk.page\/de\/wp-json\/wp\/v2\/product_cat?post=3414008"},{"taxonomy":"product_tag","embeddable":true,"href":"https:\/\/stoic-curie.212-227-153-4.plesk.page\/de\/wp-json\/wp\/v2\/product_tag?post=3414008"}],"curies":[{"name":"wp","href":"https:\/\/api.w.org\/{rel}","templated":true}]}}