{"id":3414674,"date":"2025-10-09T22:46:32","date_gmt":"2025-10-10T02:46:32","guid":{"rendered":"https:\/\/stoic-curie.212-227-153-4.plesk.page\/product\/marine-reiniger-forte-mehrzweck-5-liter\/"},"modified":"2026-02-24T23:34:56","modified_gmt":"2026-02-24T23:34:56","slug":"marine-reiniger-forte-mehrzweck-5-liter","status":"publish","type":"product","link":"https:\/\/stoic-curie.212-227-153-4.plesk.page\/de\/product\/marine-reiniger-forte-mehrzweck-5-liter\/","title":{"rendered":"Marine Reiniger Forte Mehrzweck 5 Liter"},"content":{"rendered":"<p>Marine Reiniger Forte Mehrzweck 5 Liter &#8211; <\/p>\n<p>Leistungsstarker Reiniger f\u00fcr Fiberglas, Aluminium und lackierte Oberfl\u00e4chen, Kotfl\u00fcgel und Sitze. Einfach auftragen, 3 Minuten einwirken lassen, dann abreiben und mit Wasser absp\u00fclen.<\/p>\n","protected":false},"excerpt":{"rendered":"<p>Marine Reiniger Forte Mehrzweck 5 Liter &#8211; Leistungsstarker Reiniger f\u00fcr Fiberglas, Aluminium und lackierte Oberfl\u00e4chen, Kotfl\u00fcgel und Sitze. Einfach auftragen,<\/p>\n","protected":false},"featured_media":5941481,"comment_status":"closed","ping_status":"closed","template":"","meta":[],"product_brand":[3235],"product_cat":[1341],"product_tag":[],"class_list":{"0":"post-3414674","1":"product","2":"type-product","3":"status-publish","4":"has-post-thumbnail","6":"product_brand-osculati-de","7":"product_cat-produkte-zur-reinigung","9":"first","10":"instock","11":"shipping-taxable","12":"purchasable","13":"product-type-simple"},"_links":{"self":[{"href":"https:\/\/stoic-curie.212-227-153-4.plesk.page\/de\/wp-json\/wp\/v2\/product\/3414674","targetHints":{"allow":["GET"]}}],"collection":[{"href":"https:\/\/stoic-curie.212-227-153-4.plesk.page\/de\/wp-json\/wp\/v2\/product"}],"about":[{"href":"https:\/\/stoic-curie.212-227-153-4.plesk.page\/de\/wp-json\/wp\/v2\/types\/product"}],"replies":[{"embeddable":true,"href":"https:\/\/stoic-curie.212-227-153-4.plesk.page\/de\/wp-json\/wp\/v2\/comments?post=3414674"}],"version-history":[{"count":0,"href":"https:\/\/stoic-curie.212-227-153-4.plesk.page\/de\/wp-json\/wp\/v2\/product\/3414674\/revisions"}],"wp:featuredmedia":[{"embeddable":true,"href":"https:\/\/stoic-curie.212-227-153-4.plesk.page\/de\/wp-json\/wp\/v2\/media\/5941481"}],"wp:attachment":[{"href":"https:\/\/stoic-curie.212-227-153-4.plesk.page\/de\/wp-json\/wp\/v2\/media?parent=3414674"}],"wp:term":[{"taxonomy":"product_brand","embeddable":true,"href":"https:\/\/stoic-curie.212-227-153-4.plesk.page\/de\/wp-json\/wp\/v2\/product_brand?post=3414674"},{"taxonomy":"product_cat","embeddable":true,"href":"https:\/\/stoic-curie.212-227-153-4.plesk.page\/de\/wp-json\/wp\/v2\/product_cat?post=3414674"},{"taxonomy":"product_tag","embeddable":true,"href":"https:\/\/stoic-curie.212-227-153-4.plesk.page\/de\/wp-json\/wp\/v2\/product_tag?post=3414674"}],"curies":[{"name":"wp","href":"https:\/\/api.w.org\/{rel}","templated":true}]}}