{"id":3414705,"date":"2025-10-09T22:46:33","date_gmt":"2025-10-10T02:46:33","guid":{"rendered":"https:\/\/stoic-curie.212-227-153-4.plesk.page\/product\/ersatzscharniere-tecma-t-630\/"},"modified":"2026-02-24T23:34:56","modified_gmt":"2026-02-24T23:34:56","slug":"ersatzscharniere-tecma-t-630","status":"publish","type":"product","link":"https:\/\/stoic-curie.212-227-153-4.plesk.page\/de\/product\/ersatzscharniere-tecma-t-630\/","title":{"rendered":"Ersatzscharniere Tecma T-630"},"content":{"rendered":"<p>Ersatzscharniere Tecma T-630 &#8211; <\/p>\n<p>Design (Breeze) und Flexi (Silence, Elegance) Toilettensitz-Serien mit Scharnieren. PE: Klassischer und robuster Polyester-Sitz mit Sichtschutz auf Sitz und Deckel. TE: Moderner und leichter Thermosett-Sitz mit Deckel, der den Sitz verdeckt. Sanftes Schlie\u00dfen: Scharniere mit D\u00e4mpfungssystem, um Besch\u00e4digungen und Ger\u00e4usche zu vermeiden.<\/p>\n","protected":false},"excerpt":{"rendered":"<p>Ersatzscharniere Tecma T-630 &#8211; Design (Breeze) und Flexi (Silence, Elegance) Toilettensitz-Serien mit Scharnieren. PE: Klassischer und robuster Polyester-Sitz mit Sichtschutz<\/p>\n","protected":false},"featured_media":5941501,"comment_status":"closed","ping_status":"closed","template":"","meta":[],"product_brand":[3470],"product_cat":[1388],"product_tag":[],"class_list":{"0":"post-3414705","1":"product","2":"type-product","3":"status-publish","4":"has-post-thumbnail","6":"product_brand-tecma-de","7":"product_cat-marine-wcs","9":"first","10":"instock","11":"shipping-taxable","12":"purchasable","13":"product-type-simple"},"_links":{"self":[{"href":"https:\/\/stoic-curie.212-227-153-4.plesk.page\/de\/wp-json\/wp\/v2\/product\/3414705","targetHints":{"allow":["GET"]}}],"collection":[{"href":"https:\/\/stoic-curie.212-227-153-4.plesk.page\/de\/wp-json\/wp\/v2\/product"}],"about":[{"href":"https:\/\/stoic-curie.212-227-153-4.plesk.page\/de\/wp-json\/wp\/v2\/types\/product"}],"replies":[{"embeddable":true,"href":"https:\/\/stoic-curie.212-227-153-4.plesk.page\/de\/wp-json\/wp\/v2\/comments?post=3414705"}],"version-history":[{"count":0,"href":"https:\/\/stoic-curie.212-227-153-4.plesk.page\/de\/wp-json\/wp\/v2\/product\/3414705\/revisions"}],"wp:featuredmedia":[{"embeddable":true,"href":"https:\/\/stoic-curie.212-227-153-4.plesk.page\/de\/wp-json\/wp\/v2\/media\/5941501"}],"wp:attachment":[{"href":"https:\/\/stoic-curie.212-227-153-4.plesk.page\/de\/wp-json\/wp\/v2\/media?parent=3414705"}],"wp:term":[{"taxonomy":"product_brand","embeddable":true,"href":"https:\/\/stoic-curie.212-227-153-4.plesk.page\/de\/wp-json\/wp\/v2\/product_brand?post=3414705"},{"taxonomy":"product_cat","embeddable":true,"href":"https:\/\/stoic-curie.212-227-153-4.plesk.page\/de\/wp-json\/wp\/v2\/product_cat?post=3414705"},{"taxonomy":"product_tag","embeddable":true,"href":"https:\/\/stoic-curie.212-227-153-4.plesk.page\/de\/wp-json\/wp\/v2\/product_tag?post=3414705"}],"curies":[{"name":"wp","href":"https:\/\/api.w.org\/{rel}","templated":true}]}}