{"id":3414732,"date":"2025-10-09T22:46:35","date_gmt":"2025-10-10T02:46:35","guid":{"rendered":"https:\/\/stoic-curie.212-227-153-4.plesk.page\/product\/kristallstielglaeser-medium-6er-set\/"},"modified":"2026-02-24T23:34:56","modified_gmt":"2026-02-24T23:34:56","slug":"kristallstielglaeser-medium-6er-set","status":"publish","type":"product","link":"https:\/\/stoic-curie.212-227-153-4.plesk.page\/de\/product\/kristallstielglaeser-medium-6er-set\/","title":{"rendered":"Kristallstielgl\u00e4ser Medium 6er-Set"},"content":{"rendered":"<p>Kristallstielgl\u00e4ser Medium 6er-Set &#8211; <\/p>\n<p>Die Tibur\u00f3n-Serie besteht aus mundgeblasenem und handgefertigtem bleifreiem Xtreme\u00ae Kristallglas, das diese Gl\u00e4ser besonders sto\u00df- und fallresistent macht. Die Stielgl\u00e4ser verf\u00fcgen \u00fcber eine tiefe und scharfe pic\u00fbre, die daf\u00fcr entworfen wurde, die echte Farbe des Weins zu zeigen, w\u00e4hrend der Kelch seine Masse verbessert. Dar\u00fcber hinaus erm\u00f6glicht die Taille im unteren Abschnitt des Kelches dem Wein, sich im oberen Teil zu entwickeln, wodurch die Bel\u00fcftung auf ein H\u00f6chstma\u00df gesteigert wird. Die neuen Italesse-Gl\u00e4ser aus Kristallglas auf Grundlage der Xtreme\u00ae-Technologie verbessern die Glaseigenschaften radikal aus chemischer, mechanischer und optischer Sicht. Extreme Klarheit Gro\u00dfe Stabilit\u00e4t und Griffigkeit +100% Sto\u00df- und Torsionsbest\u00e4ndigkeit<\/p>\n","protected":false},"excerpt":{"rendered":"<p>Kristallstielgl\u00e4ser Medium 6er-Set &#8211; Die Tibur\u00f3n-Serie besteht aus mundgeblasenem und handgefertigtem bleifreiem Xtreme\u00ae Kristallglas, das diese Gl\u00e4ser besonders sto\u00df- und<\/p>\n","protected":false},"featured_media":5941595,"comment_status":"closed","ping_status":"closed","template":"","meta":[],"product_brand":[3235],"product_cat":[1358],"product_tag":[],"class_list":{"0":"post-3414732","1":"product","2":"type-product","3":"status-publish","4":"has-post-thumbnail","6":"product_brand-osculati-de","7":"product_cat-bootsgeschirr","9":"first","10":"instock","11":"shipping-taxable","12":"purchasable","13":"product-type-simple"},"_links":{"self":[{"href":"https:\/\/stoic-curie.212-227-153-4.plesk.page\/de\/wp-json\/wp\/v2\/product\/3414732","targetHints":{"allow":["GET"]}}],"collection":[{"href":"https:\/\/stoic-curie.212-227-153-4.plesk.page\/de\/wp-json\/wp\/v2\/product"}],"about":[{"href":"https:\/\/stoic-curie.212-227-153-4.plesk.page\/de\/wp-json\/wp\/v2\/types\/product"}],"replies":[{"embeddable":true,"href":"https:\/\/stoic-curie.212-227-153-4.plesk.page\/de\/wp-json\/wp\/v2\/comments?post=3414732"}],"version-history":[{"count":0,"href":"https:\/\/stoic-curie.212-227-153-4.plesk.page\/de\/wp-json\/wp\/v2\/product\/3414732\/revisions"}],"wp:featuredmedia":[{"embeddable":true,"href":"https:\/\/stoic-curie.212-227-153-4.plesk.page\/de\/wp-json\/wp\/v2\/media\/5941595"}],"wp:attachment":[{"href":"https:\/\/stoic-curie.212-227-153-4.plesk.page\/de\/wp-json\/wp\/v2\/media?parent=3414732"}],"wp:term":[{"taxonomy":"product_brand","embeddable":true,"href":"https:\/\/stoic-curie.212-227-153-4.plesk.page\/de\/wp-json\/wp\/v2\/product_brand?post=3414732"},{"taxonomy":"product_cat","embeddable":true,"href":"https:\/\/stoic-curie.212-227-153-4.plesk.page\/de\/wp-json\/wp\/v2\/product_cat?post=3414732"},{"taxonomy":"product_tag","embeddable":true,"href":"https:\/\/stoic-curie.212-227-153-4.plesk.page\/de\/wp-json\/wp\/v2\/product_tag?post=3414732"}],"curies":[{"name":"wp","href":"https:\/\/api.w.org\/{rel}","templated":true}]}}