{"id":3414747,"date":"2025-10-09T22:46:35","date_gmt":"2025-10-10T02:46:35","guid":{"rendered":"https:\/\/stoic-curie.212-227-153-4.plesk.page\/product\/set-2-stueck-melamin-dinner-teller-277-mm\/"},"modified":"2026-02-24T23:34:56","modified_gmt":"2026-02-24T23:34:56","slug":"set-2-stueck-melamin-dinner-teller-277-mm","status":"publish","type":"product","link":"https:\/\/stoic-curie.212-227-153-4.plesk.page\/de\/product\/set-2-stueck-melamin-dinner-teller-277-mm\/","title":{"rendered":"Set 2 St\u00fcck Melamin-Dinner-Teller 277 mm"},"content":{"rendered":"<p>Set 2 St\u00fcck Melamin-Dinner-Teller 277 mm &#8211; <\/p>\n<p>Venti4 Dinner- und Suppenteller Die elegantesten Teller aus satinierter Melamin, mit einem klaren und funktionalen Design. Sie basieren auf einer futuristischen Diskusform. Hergestellt aus ultra-resistentem Melaminharz, ausgestattet mit zwei t\u00e4uschend echten Fingerabdr\u00fccken, die einen doppelten Zweck erf\u00fcllen: Sie machen den Teller praktisch zu tragen und bieten einen Ruheplatz f\u00fcr Besteck w\u00e4hrend einer Mahlzeit. Sie k\u00f6nnen f\u00fcr jede Art von hei\u00dfem Gericht verwendet werden, von Pasta \u00fcber Suppen bis hin zu Fleisch und frischen Salaten.<\/p>\n","protected":false},"excerpt":{"rendered":"<p>Set 2 St\u00fcck Melamin-Dinner-Teller 277 mm &#8211; Venti4 Dinner- und Suppenteller Die elegantesten Teller aus satinierter Melamin, mit einem klaren<\/p>\n","protected":false},"featured_media":5941602,"comment_status":"closed","ping_status":"closed","template":"","meta":[],"product_brand":[3235],"product_cat":[1358],"product_tag":[],"class_list":{"0":"post-3414747","1":"product","2":"type-product","3":"status-publish","4":"has-post-thumbnail","6":"product_brand-osculati-de","7":"product_cat-bootsgeschirr","9":"first","10":"instock","11":"shipping-taxable","12":"purchasable","13":"product-type-simple"},"_links":{"self":[{"href":"https:\/\/stoic-curie.212-227-153-4.plesk.page\/de\/wp-json\/wp\/v2\/product\/3414747","targetHints":{"allow":["GET"]}}],"collection":[{"href":"https:\/\/stoic-curie.212-227-153-4.plesk.page\/de\/wp-json\/wp\/v2\/product"}],"about":[{"href":"https:\/\/stoic-curie.212-227-153-4.plesk.page\/de\/wp-json\/wp\/v2\/types\/product"}],"replies":[{"embeddable":true,"href":"https:\/\/stoic-curie.212-227-153-4.plesk.page\/de\/wp-json\/wp\/v2\/comments?post=3414747"}],"version-history":[{"count":0,"href":"https:\/\/stoic-curie.212-227-153-4.plesk.page\/de\/wp-json\/wp\/v2\/product\/3414747\/revisions"}],"wp:featuredmedia":[{"embeddable":true,"href":"https:\/\/stoic-curie.212-227-153-4.plesk.page\/de\/wp-json\/wp\/v2\/media\/5941602"}],"wp:attachment":[{"href":"https:\/\/stoic-curie.212-227-153-4.plesk.page\/de\/wp-json\/wp\/v2\/media?parent=3414747"}],"wp:term":[{"taxonomy":"product_brand","embeddable":true,"href":"https:\/\/stoic-curie.212-227-153-4.plesk.page\/de\/wp-json\/wp\/v2\/product_brand?post=3414747"},{"taxonomy":"product_cat","embeddable":true,"href":"https:\/\/stoic-curie.212-227-153-4.plesk.page\/de\/wp-json\/wp\/v2\/product_cat?post=3414747"},{"taxonomy":"product_tag","embeddable":true,"href":"https:\/\/stoic-curie.212-227-153-4.plesk.page\/de\/wp-json\/wp\/v2\/product_tag?post=3414747"}],"curies":[{"name":"wp","href":"https:\/\/api.w.org\/{rel}","templated":true}]}}