{"id":3414778,"date":"2025-10-09T22:46:36","date_gmt":"2025-10-10T02:46:36","guid":{"rendered":"https:\/\/stoic-curie.212-227-153-4.plesk.page\/product\/anlegeschoner-unimer-u-klemme-fuer-tau-10-12-mm\/"},"modified":"2026-02-24T23:34:56","modified_gmt":"2026-02-24T23:34:56","slug":"anlegeschoner-unimer-u-klemme-fuer-tau-10-12-mm","status":"publish","type":"product","link":"https:\/\/stoic-curie.212-227-153-4.plesk.page\/de\/product\/anlegeschoner-unimer-u-klemme-fuer-tau-10-12-mm\/","title":{"rendered":"Anlegeschoner Unimer U-Klemme f\u00fcr Tau 10\/12 mm"},"content":{"rendered":"<p>Anlegeschoner Unimer U-Klemme f\u00fcr Tau 10\/12 mm &#8211; <\/p>\n<p>Der U-Cleat Mooring Snubber verf\u00fcgt \u00fcber einen abnehmbaren Verriegelungsmechanismus. Der U-Cleat kann nach der Montage einfach neu positioniert, auf eine andere Leine \u00fcbertragen oder an einer Leine mit \u00d6sen- oder Ring\u00f6senenden befestigt werden. Hergestellt aus starkem, geripptem EPDM-Gummi, bietet er das einfachste und sanfteste Festmachen, vermeidet Sch\u00e4den an Seilen und Festmachern und verl\u00e4ngert die Lebensdauer Ihres Bootes. Die L\u00e4nge der kompensierenden Bewegung kann variiert werden, indem die Leine unterschiedlich oft um den Kompensator gewickelt wird (nie mehr als 3 Umdrehungen): Mehr Umdrehungen, mehr Kompensation.<\/p>\n","protected":false},"excerpt":{"rendered":"<p>Anlegeschoner Unimer U-Klemme f\u00fcr Tau 10\/12 mm &#8211; Der U-Cleat Mooring Snubber verf\u00fcgt \u00fcber einen abnehmbaren Verriegelungsmechanismus. Der U-Cleat kann<\/p>\n","protected":false},"featured_media":5939668,"comment_status":"closed","ping_status":"closed","template":"","meta":[],"product_brand":[3505],"product_cat":[1337],"product_tag":[],"class_list":{"0":"post-3414778","1":"product","2":"type-product","3":"status-publish","4":"has-post-thumbnail","6":"product_brand-unimer-de","7":"product_cat-anlegefendern-stossdaempfer","9":"first","10":"instock","11":"shipping-taxable","12":"purchasable","13":"product-type-simple"},"_links":{"self":[{"href":"https:\/\/stoic-curie.212-227-153-4.plesk.page\/de\/wp-json\/wp\/v2\/product\/3414778","targetHints":{"allow":["GET"]}}],"collection":[{"href":"https:\/\/stoic-curie.212-227-153-4.plesk.page\/de\/wp-json\/wp\/v2\/product"}],"about":[{"href":"https:\/\/stoic-curie.212-227-153-4.plesk.page\/de\/wp-json\/wp\/v2\/types\/product"}],"replies":[{"embeddable":true,"href":"https:\/\/stoic-curie.212-227-153-4.plesk.page\/de\/wp-json\/wp\/v2\/comments?post=3414778"}],"version-history":[{"count":0,"href":"https:\/\/stoic-curie.212-227-153-4.plesk.page\/de\/wp-json\/wp\/v2\/product\/3414778\/revisions"}],"wp:featuredmedia":[{"embeddable":true,"href":"https:\/\/stoic-curie.212-227-153-4.plesk.page\/de\/wp-json\/wp\/v2\/media\/5939668"}],"wp:attachment":[{"href":"https:\/\/stoic-curie.212-227-153-4.plesk.page\/de\/wp-json\/wp\/v2\/media?parent=3414778"}],"wp:term":[{"taxonomy":"product_brand","embeddable":true,"href":"https:\/\/stoic-curie.212-227-153-4.plesk.page\/de\/wp-json\/wp\/v2\/product_brand?post=3414778"},{"taxonomy":"product_cat","embeddable":true,"href":"https:\/\/stoic-curie.212-227-153-4.plesk.page\/de\/wp-json\/wp\/v2\/product_cat?post=3414778"},{"taxonomy":"product_tag","embeddable":true,"href":"https:\/\/stoic-curie.212-227-153-4.plesk.page\/de\/wp-json\/wp\/v2\/product_tag?post=3414778"}],"curies":[{"name":"wp","href":"https:\/\/api.w.org\/{rel}","templated":true}]}}