{"id":3414786,"date":"2025-10-09T22:46:36","date_gmt":"2025-10-10T02:46:36","guid":{"rendered":"https:\/\/stoic-curie.212-227-153-4.plesk.page\/product\/dura-float-runde-signalboje-orange-200x200mm\/"},"modified":"2026-02-24T23:34:56","modified_gmt":"2026-02-24T23:34:56","slug":"dura-float-runde-signalboje-orange-200x200mm","status":"publish","type":"product","link":"https:\/\/stoic-curie.212-227-153-4.plesk.page\/de\/product\/dura-float-runde-signalboje-orange-200x200mm\/","title":{"rendered":"Dura Float Runde Signalboje Orange 200x200mm"},"content":{"rendered":"<p>Dura Float Runde Signalboje Orange 200x200mm &#8211; <\/p>\n<p>Verst\u00e4rkter Kunststoffsignalboje, gef\u00fcllt mit geschlossenem Schaumstoff. Sehr robust, fast unzerst\u00f6rbar und unsinkbar. Lochdurchmesser 35 mm.<\/p>\n","protected":false},"excerpt":{"rendered":"<p>Dura Float Runde Signalboje Orange 200x200mm &#8211; Verst\u00e4rkter Kunststoffsignalboje, gef\u00fcllt mit geschlossenem Schaumstoff. Sehr robust, fast unzerst\u00f6rbar und unsinkbar. Lochdurchmesser<\/p>\n","protected":false},"featured_media":5941634,"comment_status":"closed","ping_status":"closed","template":"","meta":[],"product_brand":[2855],"product_cat":[1563],"product_tag":[],"class_list":{"0":"post-3414786","1":"product","2":"type-product","3":"status-publish","4":"has-post-thumbnail","6":"product_brand-can-marine-de","7":"product_cat-anlege-und-signalbojen","9":"first","10":"instock","11":"shipping-taxable","12":"purchasable","13":"product-type-simple"},"_links":{"self":[{"href":"https:\/\/stoic-curie.212-227-153-4.plesk.page\/de\/wp-json\/wp\/v2\/product\/3414786","targetHints":{"allow":["GET"]}}],"collection":[{"href":"https:\/\/stoic-curie.212-227-153-4.plesk.page\/de\/wp-json\/wp\/v2\/product"}],"about":[{"href":"https:\/\/stoic-curie.212-227-153-4.plesk.page\/de\/wp-json\/wp\/v2\/types\/product"}],"replies":[{"embeddable":true,"href":"https:\/\/stoic-curie.212-227-153-4.plesk.page\/de\/wp-json\/wp\/v2\/comments?post=3414786"}],"version-history":[{"count":0,"href":"https:\/\/stoic-curie.212-227-153-4.plesk.page\/de\/wp-json\/wp\/v2\/product\/3414786\/revisions"}],"wp:featuredmedia":[{"embeddable":true,"href":"https:\/\/stoic-curie.212-227-153-4.plesk.page\/de\/wp-json\/wp\/v2\/media\/5941634"}],"wp:attachment":[{"href":"https:\/\/stoic-curie.212-227-153-4.plesk.page\/de\/wp-json\/wp\/v2\/media?parent=3414786"}],"wp:term":[{"taxonomy":"product_brand","embeddable":true,"href":"https:\/\/stoic-curie.212-227-153-4.plesk.page\/de\/wp-json\/wp\/v2\/product_brand?post=3414786"},{"taxonomy":"product_cat","embeddable":true,"href":"https:\/\/stoic-curie.212-227-153-4.plesk.page\/de\/wp-json\/wp\/v2\/product_cat?post=3414786"},{"taxonomy":"product_tag","embeddable":true,"href":"https:\/\/stoic-curie.212-227-153-4.plesk.page\/de\/wp-json\/wp\/v2\/product_tag?post=3414786"}],"curies":[{"name":"wp","href":"https:\/\/api.w.org\/{rel}","templated":true}]}}