{"id":3415083,"date":"2025-10-09T22:46:45","date_gmt":"2025-10-10T02:46:45","guid":{"rendered":"https:\/\/stoic-curie.212-227-153-4.plesk.page\/product\/edelstahl-ratsche-weisses-gurtband-25mm-x-6m-500kg\/"},"modified":"2026-02-24T23:34:56","modified_gmt":"2026-02-24T23:34:56","slug":"edelstahl-ratsche-weisses-gurtband-25mm-x-6m-500kg","status":"publish","type":"product","link":"https:\/\/stoic-curie.212-227-153-4.plesk.page\/de\/product\/edelstahl-ratsche-weisses-gurtband-25mm-x-6m-500kg\/","title":{"rendered":"Edelstahl Ratsche + wei\u00dfes Gurtband 25mm x 6m -500kg"},"content":{"rendered":"<p>Edelstahl Ratsche + wei\u00dfes Gurtband 25mm x 6m -500kg &#8211; <\/p>\n<p>Ratschenspanngurt mit hochfestem Polyesterband und Ratschenschnalle aus Edelstahl. Perfekt zum Sichern von Ladungen auf Booten, Br\u00fccken, Containern, Fahrzeugen und Rollwagen. CE-gekennzeichnet gem\u00e4\u00df EN 12195-2.<\/p>\n","protected":false},"excerpt":{"rendered":"<p>Edelstahl Ratsche + wei\u00dfes Gurtband 25mm x 6m -500kg &#8211; Ratschenspanngurt mit hochfestem Polyesterband und Ratschenschnalle aus Edelstahl. Perfekt zum<\/p>\n","protected":false},"featured_media":5941683,"comment_status":"closed","ping_status":"closed","template":"","meta":[],"product_brand":[2890],"product_cat":[1551],"product_tag":[],"class_list":{"0":"post-3415083","1":"product","2":"type-product","3":"status-publish","4":"has-post-thumbnail","6":"product_brand-domar-de","7":"product_cat-gurte-und-spanngurte","9":"first","10":"instock","11":"shipping-taxable","12":"purchasable","13":"product-type-simple"},"_links":{"self":[{"href":"https:\/\/stoic-curie.212-227-153-4.plesk.page\/de\/wp-json\/wp\/v2\/product\/3415083","targetHints":{"allow":["GET"]}}],"collection":[{"href":"https:\/\/stoic-curie.212-227-153-4.plesk.page\/de\/wp-json\/wp\/v2\/product"}],"about":[{"href":"https:\/\/stoic-curie.212-227-153-4.plesk.page\/de\/wp-json\/wp\/v2\/types\/product"}],"replies":[{"embeddable":true,"href":"https:\/\/stoic-curie.212-227-153-4.plesk.page\/de\/wp-json\/wp\/v2\/comments?post=3415083"}],"version-history":[{"count":0,"href":"https:\/\/stoic-curie.212-227-153-4.plesk.page\/de\/wp-json\/wp\/v2\/product\/3415083\/revisions"}],"wp:featuredmedia":[{"embeddable":true,"href":"https:\/\/stoic-curie.212-227-153-4.plesk.page\/de\/wp-json\/wp\/v2\/media\/5941683"}],"wp:attachment":[{"href":"https:\/\/stoic-curie.212-227-153-4.plesk.page\/de\/wp-json\/wp\/v2\/media?parent=3415083"}],"wp:term":[{"taxonomy":"product_brand","embeddable":true,"href":"https:\/\/stoic-curie.212-227-153-4.plesk.page\/de\/wp-json\/wp\/v2\/product_brand?post=3415083"},{"taxonomy":"product_cat","embeddable":true,"href":"https:\/\/stoic-curie.212-227-153-4.plesk.page\/de\/wp-json\/wp\/v2\/product_cat?post=3415083"},{"taxonomy":"product_tag","embeddable":true,"href":"https:\/\/stoic-curie.212-227-153-4.plesk.page\/de\/wp-json\/wp\/v2\/product_tag?post=3415083"}],"curies":[{"name":"wp","href":"https:\/\/api.w.org\/{rel}","templated":true}]}}