{"id":3415137,"date":"2025-10-09T22:46:46","date_gmt":"2025-10-10T02:46:46","guid":{"rendered":"https:\/\/stoic-curie.212-227-153-4.plesk.page\/product\/edelstahl-doppel-einlass-schnalle-fuer-gurtband-50-mm\/"},"modified":"2026-02-24T23:34:56","modified_gmt":"2026-02-24T23:34:56","slug":"edelstahl-doppel-einlass-schnalle-fuer-gurtband-50-mm","status":"publish","type":"product","link":"https:\/\/stoic-curie.212-227-153-4.plesk.page\/de\/product\/edelstahl-doppel-einlass-schnalle-fuer-gurtband-50-mm\/","title":{"rendered":"Edelstahl-Doppel-Einlass-Schnalle f\u00fcr Gurtband 50 mm"},"content":{"rendered":"<p>Edelstahl-Doppel-Einlass-Schnalle f\u00fcr Gurtband 50 mm &#8211; <\/p>\n<p>Doppelter Edelstahl-Eingangsbuckle f\u00fcr G\u00fcrtel.<\/p>\n","protected":false},"excerpt":{"rendered":"<p>Edelstahl-Doppel-Einlass-Schnalle f\u00fcr Gurtband 50 mm &#8211; Doppelter Edelstahl-Eingangsbuckle f\u00fcr G\u00fcrtel.<\/p>\n","protected":false},"featured_media":5941690,"comment_status":"closed","ping_status":"closed","template":"","meta":[],"product_brand":[3120],"product_cat":[1395,1551],"product_tag":[],"class_list":{"0":"post-3415137","1":"product","2":"type-product","3":"status-publish","4":"has-post-thumbnail","6":"product_brand-marinetech-de","7":"product_cat-deckbeschlaege","8":"product_cat-gurte-und-spanngurte","10":"first","11":"instock","12":"shipping-taxable","13":"purchasable","14":"product-type-simple"},"_links":{"self":[{"href":"https:\/\/stoic-curie.212-227-153-4.plesk.page\/de\/wp-json\/wp\/v2\/product\/3415137","targetHints":{"allow":["GET"]}}],"collection":[{"href":"https:\/\/stoic-curie.212-227-153-4.plesk.page\/de\/wp-json\/wp\/v2\/product"}],"about":[{"href":"https:\/\/stoic-curie.212-227-153-4.plesk.page\/de\/wp-json\/wp\/v2\/types\/product"}],"replies":[{"embeddable":true,"href":"https:\/\/stoic-curie.212-227-153-4.plesk.page\/de\/wp-json\/wp\/v2\/comments?post=3415137"}],"version-history":[{"count":0,"href":"https:\/\/stoic-curie.212-227-153-4.plesk.page\/de\/wp-json\/wp\/v2\/product\/3415137\/revisions"}],"wp:featuredmedia":[{"embeddable":true,"href":"https:\/\/stoic-curie.212-227-153-4.plesk.page\/de\/wp-json\/wp\/v2\/media\/5941690"}],"wp:attachment":[{"href":"https:\/\/stoic-curie.212-227-153-4.plesk.page\/de\/wp-json\/wp\/v2\/media?parent=3415137"}],"wp:term":[{"taxonomy":"product_brand","embeddable":true,"href":"https:\/\/stoic-curie.212-227-153-4.plesk.page\/de\/wp-json\/wp\/v2\/product_brand?post=3415137"},{"taxonomy":"product_cat","embeddable":true,"href":"https:\/\/stoic-curie.212-227-153-4.plesk.page\/de\/wp-json\/wp\/v2\/product_cat?post=3415137"},{"taxonomy":"product_tag","embeddable":true,"href":"https:\/\/stoic-curie.212-227-153-4.plesk.page\/de\/wp-json\/wp\/v2\/product_tag?post=3415137"}],"curies":[{"name":"wp","href":"https:\/\/api.w.org\/{rel}","templated":true}]}}