{"id":3415204,"date":"2025-10-09T22:46:48","date_gmt":"2025-10-10T02:46:48","guid":{"rendered":"https:\/\/stoic-curie.212-227-153-4.plesk.page\/product\/zelluloseschwamm-star-brite-230-x-120-x-40-mm\/"},"modified":"2026-02-24T23:34:56","modified_gmt":"2026-02-24T23:34:56","slug":"zelluloseschwamm-star-brite-230-x-120-x-40-mm","status":"publish","type":"product","link":"https:\/\/stoic-curie.212-227-153-4.plesk.page\/de\/product\/zelluloseschwamm-star-brite-230-x-120-x-40-mm\/","title":{"rendered":"Zelluloseschwamm Star Brite 230 x 120 x 40 mm"},"content":{"rendered":"<p>Zelluloseschwamm Star Brite 230 x 120 x 40 mm &#8211; <\/p>\n<p>\u2022 Gro\u00dfe Schw\u00e4mme mit hervorragender Saugf\u00e4higkeit, Qualit\u00e4t und Haltbarkeit<br \/>\u2022 Geeignet f\u00fcr alle Waschg\u00e4nge<br \/>\u2022 Kann bis zu 1 Liter Fl\u00fcssigkeit aufnehmen<\/p>\n","protected":false},"excerpt":{"rendered":"<p>Zelluloseschwamm Star Brite 230 x 120 x 40 mm &#8211; \u2022 Gro\u00dfe Schw\u00e4mme mit hervorragender Saugf\u00e4higkeit, Qualit\u00e4t und Haltbarkeit\u2022 Geeignet<\/p>\n","protected":false},"featured_media":5941696,"comment_status":"closed","ping_status":"closed","template":"","meta":[],"product_brand":[3435],"product_cat":[1346,1344],"product_tag":[],"class_list":{"0":"post-3415204","1":"product","2":"type-product","3":"status-publish","4":"has-post-thumbnail","6":"product_brand-starbrite-de","7":"product_cat-reinigungsbuersten","8":"product_cat-werkzeuge-fuer-die-reinigung","10":"first","11":"instock","12":"shipping-taxable","13":"purchasable","14":"product-type-simple"},"_links":{"self":[{"href":"https:\/\/stoic-curie.212-227-153-4.plesk.page\/de\/wp-json\/wp\/v2\/product\/3415204","targetHints":{"allow":["GET"]}}],"collection":[{"href":"https:\/\/stoic-curie.212-227-153-4.plesk.page\/de\/wp-json\/wp\/v2\/product"}],"about":[{"href":"https:\/\/stoic-curie.212-227-153-4.plesk.page\/de\/wp-json\/wp\/v2\/types\/product"}],"replies":[{"embeddable":true,"href":"https:\/\/stoic-curie.212-227-153-4.plesk.page\/de\/wp-json\/wp\/v2\/comments?post=3415204"}],"version-history":[{"count":0,"href":"https:\/\/stoic-curie.212-227-153-4.plesk.page\/de\/wp-json\/wp\/v2\/product\/3415204\/revisions"}],"wp:featuredmedia":[{"embeddable":true,"href":"https:\/\/stoic-curie.212-227-153-4.plesk.page\/de\/wp-json\/wp\/v2\/media\/5941696"}],"wp:attachment":[{"href":"https:\/\/stoic-curie.212-227-153-4.plesk.page\/de\/wp-json\/wp\/v2\/media?parent=3415204"}],"wp:term":[{"taxonomy":"product_brand","embeddable":true,"href":"https:\/\/stoic-curie.212-227-153-4.plesk.page\/de\/wp-json\/wp\/v2\/product_brand?post=3415204"},{"taxonomy":"product_cat","embeddable":true,"href":"https:\/\/stoic-curie.212-227-153-4.plesk.page\/de\/wp-json\/wp\/v2\/product_cat?post=3415204"},{"taxonomy":"product_tag","embeddable":true,"href":"https:\/\/stoic-curie.212-227-153-4.plesk.page\/de\/wp-json\/wp\/v2\/product_tag?post=3415204"}],"curies":[{"name":"wp","href":"https:\/\/api.w.org\/{rel}","templated":true}]}}