{"id":3415354,"date":"2025-10-09T22:46:53","date_gmt":"2025-10-10T02:46:53","guid":{"rendered":"https:\/\/stoic-curie.212-227-153-4.plesk.page\/product\/nawa-schwenkverbinder-22mm\/"},"modified":"2026-02-24T23:34:56","modified_gmt":"2026-02-24T23:34:56","slug":"nawa-schwenkverbinder-22mm","status":"publish","type":"product","link":"https:\/\/stoic-curie.212-227-153-4.plesk.page\/de\/product\/nawa-schwenkverbinder-22mm\/","title":{"rendered":"Nawa Schwenkverbinder 22mm"},"content":{"rendered":"<p>Nawa Schwenkverbinder 22mm &#8211; <\/p>\n<p>Die modularen Fenderhalter von NAWA bestehen aus hochwertigem, elektropoliertem 316 Edelstahl. Sie sind die vielseitigste L\u00f6sung zur Aufbewahrung von Fendern, mit patentierten Verbindern, die es erm\u00f6glichen, die K\u00f6rbe an jedem Gel\u00e4nder in beliebiger Kombination zu befestigen. F\u00fcr die Installation ben\u00f6tigen Sie nur einen Schraubendreher, einen oder mehrere K\u00f6rbe sowie einen oder mehrere schwenkbare oder parallele Verbinder. Der schwenkbare Verbinder ist eine Rohrschelle f\u00fcr Gel\u00e4nder mit einem Durchmesser von 22, 25, 30 oder 32 mm. Der parallele Verbinder verbindet mehrere K\u00f6rbe miteinander.<\/p>\n","protected":false},"excerpt":{"rendered":"<p>Nawa Schwenkverbinder 22mm &#8211; Die modularen Fenderhalter von NAWA bestehen aus hochwertigem, elektropoliertem 316 Edelstahl. Sie sind die vielseitigste L\u00f6sung<\/p>\n","protected":false},"featured_media":5940130,"comment_status":"closed","ping_status":"closed","template":"","meta":[],"product_brand":[3180],"product_cat":[1560],"product_tag":[],"class_list":{"0":"post-3415354","1":"product","2":"type-product","3":"status-publish","4":"has-post-thumbnail","6":"product_brand-nawa-de","7":"product_cat-fender-zubehoer","9":"first","10":"instock","11":"shipping-taxable","12":"purchasable","13":"product-type-simple"},"_links":{"self":[{"href":"https:\/\/stoic-curie.212-227-153-4.plesk.page\/de\/wp-json\/wp\/v2\/product\/3415354","targetHints":{"allow":["GET"]}}],"collection":[{"href":"https:\/\/stoic-curie.212-227-153-4.plesk.page\/de\/wp-json\/wp\/v2\/product"}],"about":[{"href":"https:\/\/stoic-curie.212-227-153-4.plesk.page\/de\/wp-json\/wp\/v2\/types\/product"}],"replies":[{"embeddable":true,"href":"https:\/\/stoic-curie.212-227-153-4.plesk.page\/de\/wp-json\/wp\/v2\/comments?post=3415354"}],"version-history":[{"count":0,"href":"https:\/\/stoic-curie.212-227-153-4.plesk.page\/de\/wp-json\/wp\/v2\/product\/3415354\/revisions"}],"wp:featuredmedia":[{"embeddable":true,"href":"https:\/\/stoic-curie.212-227-153-4.plesk.page\/de\/wp-json\/wp\/v2\/media\/5940130"}],"wp:attachment":[{"href":"https:\/\/stoic-curie.212-227-153-4.plesk.page\/de\/wp-json\/wp\/v2\/media?parent=3415354"}],"wp:term":[{"taxonomy":"product_brand","embeddable":true,"href":"https:\/\/stoic-curie.212-227-153-4.plesk.page\/de\/wp-json\/wp\/v2\/product_brand?post=3415354"},{"taxonomy":"product_cat","embeddable":true,"href":"https:\/\/stoic-curie.212-227-153-4.plesk.page\/de\/wp-json\/wp\/v2\/product_cat?post=3415354"},{"taxonomy":"product_tag","embeddable":true,"href":"https:\/\/stoic-curie.212-227-153-4.plesk.page\/de\/wp-json\/wp\/v2\/product_tag?post=3415354"}],"curies":[{"name":"wp","href":"https:\/\/api.w.org\/{rel}","templated":true}]}}