{"id":3415404,"date":"2025-10-09T22:46:54","date_gmt":"2025-10-10T02:46:54","guid":{"rendered":"https:\/\/stoic-curie.212-227-153-4.plesk.page\/product\/340-g-entfeuchter-nachfuellpack\/"},"modified":"2026-02-24T23:34:56","modified_gmt":"2026-02-24T23:34:56","slug":"340-g-entfeuchter-nachfuellpack","status":"publish","type":"product","link":"https:\/\/stoic-curie.212-227-153-4.plesk.page\/de\/product\/340-g-entfeuchter-nachfuellpack\/","title":{"rendered":"340 g Entfeuchter-Nachf\u00fcllpack"},"content":{"rendered":"<p>340 g Entfeuchter-Nachf\u00fcllpack &#8211; <\/p>\n<p>\u2022 Trocknet die Luft auf ein Niveau, das muffige Ger\u00fcche verhindert<br \/>\u2022 K\u00f6rbchen-Design erh\u00f6ht die Effizienz und Lebensdauer des Ger\u00e4ts<br \/>\u2022 Spezielle Pellets-Formel absorbiert maximale Luftfeuchtigkeit<br \/>\u2022 340 Gramm Entfeuchter behandeln 25 m\u00b3<\/p>\n","protected":false},"excerpt":{"rendered":"<p>340 g Entfeuchter-Nachf\u00fcllpack &#8211; \u2022 Trocknet die Luft auf ein Niveau, das muffige Ger\u00fcche verhindert\u2022 K\u00f6rbchen-Design erh\u00f6ht die Effizienz und<\/p>\n","protected":false},"featured_media":5941765,"comment_status":"closed","ping_status":"closed","template":"","meta":[],"product_brand":[3435],"product_cat":[1339],"product_tag":[],"class_list":{"0":"post-3415404","1":"product","2":"type-product","3":"status-publish","4":"has-post-thumbnail","6":"product_brand-starbrite-de","7":"product_cat-produkte-zur-wartung","9":"first","10":"instock","11":"shipping-taxable","12":"purchasable","13":"product-type-simple"},"_links":{"self":[{"href":"https:\/\/stoic-curie.212-227-153-4.plesk.page\/de\/wp-json\/wp\/v2\/product\/3415404","targetHints":{"allow":["GET"]}}],"collection":[{"href":"https:\/\/stoic-curie.212-227-153-4.plesk.page\/de\/wp-json\/wp\/v2\/product"}],"about":[{"href":"https:\/\/stoic-curie.212-227-153-4.plesk.page\/de\/wp-json\/wp\/v2\/types\/product"}],"replies":[{"embeddable":true,"href":"https:\/\/stoic-curie.212-227-153-4.plesk.page\/de\/wp-json\/wp\/v2\/comments?post=3415404"}],"version-history":[{"count":0,"href":"https:\/\/stoic-curie.212-227-153-4.plesk.page\/de\/wp-json\/wp\/v2\/product\/3415404\/revisions"}],"wp:featuredmedia":[{"embeddable":true,"href":"https:\/\/stoic-curie.212-227-153-4.plesk.page\/de\/wp-json\/wp\/v2\/media\/5941765"}],"wp:attachment":[{"href":"https:\/\/stoic-curie.212-227-153-4.plesk.page\/de\/wp-json\/wp\/v2\/media?parent=3415404"}],"wp:term":[{"taxonomy":"product_brand","embeddable":true,"href":"https:\/\/stoic-curie.212-227-153-4.plesk.page\/de\/wp-json\/wp\/v2\/product_brand?post=3415404"},{"taxonomy":"product_cat","embeddable":true,"href":"https:\/\/stoic-curie.212-227-153-4.plesk.page\/de\/wp-json\/wp\/v2\/product_cat?post=3415404"},{"taxonomy":"product_tag","embeddable":true,"href":"https:\/\/stoic-curie.212-227-153-4.plesk.page\/de\/wp-json\/wp\/v2\/product_tag?post=3415404"}],"curies":[{"name":"wp","href":"https:\/\/api.w.org\/{rel}","templated":true}]}}